{"id":8628,"date":"2025-02-02T23:57:34","date_gmt":"2025-02-02T23:57:34","guid":{"rendered":"https:\/\/ww2.recshqiperi.org\/?page_id=8628"},"modified":"2025-03-27T11:25:15","modified_gmt":"2025-03-27T11:25:15","slug":"job-vacancies","status":"publish","type":"page","link":"https:\/\/rec.spontan.agency\/sq\/job-vacancies\/","title":{"rendered":"Vende t\u00eb lira pune"},"content":{"rendered":"<div data-elementor-type=\"wp-page\" data-elementor-id=\"8628\" class=\"elementor elementor-8628\" data-elementor-post-type=\"page\">\n\t\t\t\t<div class=\"elementor-element elementor-element-db1d901 e-flex e-con-boxed wpr-particle-no wpr-jarallax-no wpr-parallax-no wpr-sticky-section-no e-con e-parent\" data-id=\"db1d901\" data-element_type=\"container\">\n\t\t\t\t\t<div class=\"e-con-inner\">\n\t\t\t\t<div class=\"elementor-element elementor-element-9e0e493 premium-smart-listing__1 premium-loading-animation__slide-up elementor-widget elementor-widget-premium-smart-post-listing\" data-id=\"9e0e493\" data-element_type=\"widget\" data-settings=\"{&quot;listing_cols&quot;:&quot;1&quot;,&quot;premium_blog_paging&quot;:&quot;yes&quot;,&quot;pa_spl_skin&quot;:&quot;skin-2&quot;,&quot;scroll_to_offset&quot;:&quot;yes&quot;,&quot;pagination_type&quot;:&quot;num&quot;}\" data-widget_type=\"premium-smart-post-listing.default\">\n\t\t\t\t<div class=\"elementor-widget-container\">\n\t\t\t\t\t\t\t\t<div class=\"premium-smart-listing__wrapper premium-slide-up\" data-page=\"8628\">\r\n\t\t\t\t<div class=\"premium-smart-listing__header-wrapper\">\r\n\t\t\t\t\t\t\t\t\t\t<div class=\"premium-smart-listing__navigation-outer-container\">\r\n\t\t\t\t\t\t\t\t\t\t\t\t\t\t\t\t\t<\/div>\r\n\t\t\t\t<\/div>\r\n\t\t\t\t<div class=\"premium-smart-listing__posts-outer-wrapper premium-smart-listing__skin-2\">\r\n\t\t\t\t\t\t\t\t\t\t\t\t<div class=\"premium-smart-listing__posts-wrapper\">\n\t\t\t\t\t\t\t\t\t\t<div class=\"premium-smart-listing__post-wrapper premium-smart-listing__grid-item\" data-total=\"1\">\n\t\t\t\t\t\t\t\t\t<div class=\"premium-smart-listing__post-content-wrapper\">\n\t\t\t\t\t\t\t\t\t\t\t\t<div class=\"premium-smart-listing__post-title-wrapper\"> \t\t<h4 class=\"premium-smart-listing__post-title\">\n\t\t\t<a href=\"https:\/\/rec.spontan.agency\/sq\/2025\/03\/20\/thirrje-per-pozicion-pune-financier-me-kohe-te-pjesshme-prane-rec-shqiperi\/\" target=\"_self\">\n\t\t\t\tThirrje p\u00ebr Pozicion Pune \u201cFinancier me Koh\u00eb t\u00eb Pjesshme\u201d, pran\u00eb REC Shqip\u00ebri\t\t\t<\/a>\n\t\t<\/h4>\n\t\t  <\/div>\n\t\t\t\t\t\t<div class=\"premium-smart-listing__post-meta-container\"> \t\t\t\n\t\t\t\t\t\t\t<span class=\"premium-smart-listing__meta-separator\">\u22c5<\/span>\n\t\t\t\t<div class=\"premium-smart-listing__post-time premium-smart-listing__post-meta\">\n\t\t\t\t\t<i class=\"fa fa-clock-o\" aria-hidden=\"true\"><\/i>\n\t\t\t\t\t<span>20 Mars, 2025<\/span>\n\t\t\t\t<\/div>\n\t\t\t\n\t\t\t\n\t\t\t\t\t <\/div>\n\t\t\t\t\t\t\t\t<div class=\"premium-smart-listing__post-content-inner premium-addons-element\">\n\t\t<p class=\"premium-smart-listing__post-content\">Qendra Burimore e Mjedisit n\u00eb Shqip\u00ebri (REC Shqip\u00ebri) \u00ebsht\u00eb nj\u00eb organizat\u00eb e p\u00ebrkushtuar ndaj mbrojtjes s\u00eb mjedisit dhe vepron aktivisht n\u00eb k\u00ebt\u00eb sektor. Aktualisht, po k\u00ebrkojm\u00eb nj\u00eb Financier me koh\u00eb t\u00eb pjesshme p\u00ebr t\u2019u bashkuar me ekipin ton\u00eb. P\u00ebrgjegj\u00ebsit\u00eb kryesore p\u00ebr k\u00ebt\u00eb pozicion p\u00ebrfshijn\u00eb: Ndjekjen e procedurave financiare t\u00eb organizat\u00ebs; Rakordimin e transaksioneve bankare sipas shpenzimeve t\u00eb regjistruara; P\u00ebrgatitjen e buxheteve dhe pasqyrave financiare brenda afateve t\u00eb p\u00ebrcaktuara; P\u00ebrpunimin e veprimeve bankare, p\u00ebrfshir\u00eb depozitat, transferimet dhe t\u00ebrheqjet; Rakordimin e veprimeve me para n\u00eb dor\u00eb (cash); Menaxhimin e procedurave t\u00eb pagave t\u00eb punonj\u00ebsve n\u00eb p\u00ebrputhje me legjislacionin fiskal shqiptar; P\u00ebrpunimin e \u2026<\/p>\t\t<\/div>\n\t\t\t\t\t\t\t<\/div>\n\t\t\t<\/div>\n\n\t\t\t\t\t<div class=\"premium-smart-listing__post-wrapper premium-smart-listing__grid-item\" data-total=\"1\">\n\t\t\t\t\t\t\t\t\t<div class=\"premium-smart-listing__post-content-wrapper\">\n\t\t\t\t\t\t\t\t\t\t\t\t<div class=\"premium-smart-listing__post-title-wrapper\"> \t\t<h4 class=\"premium-smart-listing__post-title\">\n\t\t\t<a href=\"https:\/\/rec.spontan.agency\/sq\/2025\/03\/20\/thirrje-per-internship-ne-rec-shqiperi-behu-pjese-e-ekipit-tone\/\" target=\"_self\">\n\t\t\t\tThirrje p\u00ebr Internship n\u00eb REC Shqip\u00ebri \u2013 B\u00ebhu Pjes\u00eb e Ekipit Ton\u00eb!\t\t\t<\/a>\n\t\t<\/h4>\n\t\t  <\/div>\n\t\t\t\t\t\t<div class=\"premium-smart-listing__post-meta-container\"> \t\t\t\n\t\t\t\t\t\t\t<span class=\"premium-smart-listing__meta-separator\">\u22c5<\/span>\n\t\t\t\t<div class=\"premium-smart-listing__post-time premium-smart-listing__post-meta\">\n\t\t\t\t\t<i class=\"fa fa-clock-o\" aria-hidden=\"true\"><\/i>\n\t\t\t\t\t<span>20 Mars, 2025<\/span>\n\t\t\t\t<\/div>\n\t\t\t\n\t\t\t\n\t\t\t\t\t <\/div>\n\t\t\t\t\t\t\t\t<div class=\"premium-smart-listing__post-content-inner premium-addons-element\">\n\t\t<p class=\"premium-smart-listing__post-content\">REC Shqip\u00ebri \u00ebsht\u00eb nj\u00eb organizat\u00eb me fokus mbrojtjen e mjedisit dhe \u00ebsht\u00eb aktive n\u00eb sektor q\u00eb prej vitit 1994. N\u00eb kuad\u00ebr t\u00eb zhvillimeve t\u00eb reja dhe qasjes novatore n\u00eb pun\u00ebn me projekte, si dhe synimit p\u00ebr t\u00eb afruar t\u00eb rinjt\u00eb n\u00eb nisma t\u00eb vullnetarizmit dhe programe internshipi, ftojm\u00eb t\u00eb rinjt\u00eb e interesuar t\u00eb b\u00ebhen pjes\u00eb e ekipit ton\u00eb. N\u00ebse je student i vitit t\u00eb fundit ose i sapodiplomuar, t\u00eb apasionon mbrojtja e mjedisit dhe d\u00ebshiron t\u00eb punosh n\u00eb nj\u00eb mjedis dinamik e sfidues, je i mir\u00ebpritur t\u00eb na bashkohesh! P\u00ebrmes k\u00ebtij programi, do t\u00eb kesh mund\u00ebsin\u00eb t\u00eb aft\u00ebsohesh dhe t\u00eb \u2026<\/p>\t\t<\/div>\n\t\t\t\t\t\t\t<\/div>\n\t\t\t<\/div>\n\n\t\t\n\t\t\t\t\t\t\t\t\t<\/div>\n\t\t\t\t\n\t\t\t\t\t\t\t\t<\/div>\r\n\t\t\t\t\r\n\t\t\t\t\t\t\t<\/div>\r\n\t\t\t\t\t\t<\/div>\n\t\t\t\t<\/div>\n\t\t\t\t\t<\/div>\n\t\t\t\t<\/div>\n\t\t\t\t<\/div>","protected":false},"excerpt":{"rendered":"<p>Thirrje p\u00ebr Pozicion Pune \u201cFinancier me Koh\u00eb t\u00eb Pjesshme\u201d, pran\u00eb REC Shqip\u00ebri \u22c5 March 20, 2025 Qendra Burimore e Mjedisit n\u00eb Shqip\u00ebri (REC Shqip\u00ebri) \u00ebsht\u00eb nj\u00eb organizat\u00eb e p\u00ebrkushtuar ndaj mbrojtjes s\u00eb mjedisit dhe vepron aktivisht n\u00eb k\u00ebt\u00eb sektor. Aktualisht, po k\u00ebrkojm\u00eb nj\u00eb Financier me koh\u00eb t\u00eb pjesshme p\u00ebr t\u2019u bashkuar me ekipin ton\u00eb. P\u00ebrgjegj\u00ebsit\u00eb kryesore p\u00ebr k\u00ebt\u00eb pozicion p\u00ebrfshijn\u00eb: \u2714 Ndjekjen e procedurave financiare t\u00eb organizat\u00ebs; \u2714 Rakordimin e transaksioneve bankare sipas shpenzimeve t\u00eb regjistruara; \u2714 P\u00ebrgatitjen e buxheteve dhe pasqyrave financiare brenda afateve t\u00eb p\u00ebrcaktuara; \u2714 P\u00ebrpunimin e veprimeve bankare, p\u00ebrfshir\u00eb depozitat, transferimet dhe t\u00ebrheqjet; \u2714 Rakordimin e veprimeve me para n\u00eb dor\u00eb (cash); \u2714 Menaxhimin e procedurave t\u00eb pagave t\u00eb punonj\u00ebsve n\u00eb p\u00ebrputhje Thirrje p\u00ebr Internship n\u00eb REC Shqip\u00ebri \u2013 B\u00ebhu Pjes\u00eb e Ekipit Ton\u00eb! \u22c5 March 20, 2025 REC Shqip\u00ebri \u00ebsht\u00eb nj\u00eb organizat\u00eb me fokus mbrojtjen e mjedisit dhe \u00ebsht\u00eb aktive n\u00eb sektor q\u00eb prej vitit 1994. N\u00eb kuad\u00ebr t\u00eb zhvillimeve t\u00eb reja dhe qasjes novatore n\u00eb pun\u00ebn me projekte, si dhe me synimin p\u00ebr t\u00eb afruar t\u00eb rinjt\u00eb n\u00eb nisma t\u00eb vullnetarizmit dhe programe t\u00eb internshipit, fton t\u00eb rinjt\u00eb e interesuar t\u00eb b\u00ebhen pjes\u00eb e ekipit t\u00eb saj. N\u00ebse je student i vitit t\u00eb fundit ose i sapodiplomuar, t\u00eb apasionon mbrojtja e mjedisit dhe d\u00ebshiron t\u00eb punosh n\u00eb nj\u00eb mjedis dinamik e sfidues, je i mir\u00ebpritur t\u00eb na bashkohesh! P\u00ebrmes k\u00ebtij programi, do t\u00eb kesh mund\u00ebsin\u00eb t\u00eb<\/p>","protected":false},"author":1,"featured_media":0,"parent":0,"menu_order":0,"comment_status":"closed","ping_status":"closed","template":"","meta":{"_acf_changed":false,"give_campaign_id":0,"footnotes":""},"class_list":["post-8628","page","type-page","status-publish","hentry"],"acf":[],"campaignId":"","rttpg_featured_image_url":null,"rttpg_author":{"display_name":"admin","author_link":"https:\/\/rec.spontan.agency\/sq\/author\/admin\/"},"rttpg_comment":0,"rttpg_category":"","rttpg_excerpt":"Thirrje p\u00ebr Pozicion Pune \u201cFinancier me Koh\u00eb t\u00eb Pjesshme\u201d, pran\u00eb REC Shqip\u00ebri \u22c5 March 20, 2025 Qendra Burimore e Mjedisit n\u00eb Shqip\u00ebri (REC Shqip\u00ebri) \u00ebsht\u00eb nj\u00eb organizat\u00eb e p\u00ebrkushtuar ndaj mbrojtjes s\u00eb mjedisit dhe vepron aktivisht n\u00eb k\u00ebt\u00eb sektor. Aktualisht, po k\u00ebrkojm\u00eb nj\u00eb Financier me koh\u00eb t\u00eb pjesshme p\u00ebr t\u2019u bashkuar me ekipin ton\u00eb. P\u00ebrgjegj\u00ebsit\u00eb&hellip;","_links":{"self":[{"href":"https:\/\/rec.spontan.agency\/sq\/wp-json\/wp\/v2\/pages\/8628","targetHints":{"allow":["GET"]}}],"collection":[{"href":"https:\/\/rec.spontan.agency\/sq\/wp-json\/wp\/v2\/pages"}],"about":[{"href":"https:\/\/rec.spontan.agency\/sq\/wp-json\/wp\/v2\/types\/page"}],"author":[{"embeddable":true,"href":"https:\/\/rec.spontan.agency\/sq\/wp-json\/wp\/v2\/users\/1"}],"replies":[{"embeddable":true,"href":"https:\/\/rec.spontan.agency\/sq\/wp-json\/wp\/v2\/comments?post=8628"}],"version-history":[{"count":19,"href":"https:\/\/rec.spontan.agency\/sq\/wp-json\/wp\/v2\/pages\/8628\/revisions"}],"predecessor-version":[{"id":9049,"href":"https:\/\/rec.spontan.agency\/sq\/wp-json\/wp\/v2\/pages\/8628\/revisions\/9049"}],"wp:attachment":[{"href":"https:\/\/rec.spontan.agency\/sq\/wp-json\/wp\/v2\/media?parent=8628"}],"curies":[{"name":"wp","href":"https:\/\/api.w.org\/{rel}","templated":true}]}}