{"id":7845,"date":"2024-09-30T13:44:01","date_gmt":"2024-09-30T13:44:01","guid":{"rendered":"https:\/\/ww2.recshqiperi.org\/?page_id=7845"},"modified":"2025-03-27T00:34:39","modified_gmt":"2025-03-27T00:34:39","slug":"solutions-connecting-farmers","status":"publish","type":"page","link":"https:\/\/rec.spontan.agency\/sq\/solutions-connecting-farmers\/","title":{"rendered":"Solutions Connecting Farmers"},"content":{"rendered":"<div data-elementor-type=\"wp-page\" data-elementor-id=\"7845\" class=\"elementor elementor-7845\" data-elementor-post-type=\"page\">\n\t\t\t\t\t\t<section class=\"elementor-section elementor-top-section elementor-element elementor-element-87446e3 elementor-section-boxed elementor-section-height-default elementor-section-height-default wpr-particle-no wpr-jarallax-no wpr-parallax-no wpr-sticky-section-no\" data-id=\"87446e3\" data-element_type=\"section\">\n\t\t\t\t\t\t<div class=\"elementor-container elementor-column-gap-no\">\n\t\t\t\t\t<div class=\"elementor-column elementor-col-100 elementor-top-column elementor-element elementor-element-4f28af3\" data-id=\"4f28af3\" data-element_type=\"column\">\n\t\t\t<div class=\"elementor-widget-wrap elementor-element-populated\">\n\t\t\t\t<div class=\"elementor-element elementor-element-b94d033 e-flex e-con-boxed wpr-particle-no wpr-jarallax-no wpr-parallax-no wpr-sticky-section-no e-con e-parent\" data-id=\"b94d033\" data-element_type=\"container\">\n\t\t\t\t\t<div class=\"e-con-inner\">\n\t\t<div class=\"elementor-element elementor-element-1b43059 e-con-full e-flex wpr-particle-no wpr-jarallax-no wpr-parallax-no wpr-sticky-section-no e-con e-child\" data-id=\"1b43059\" data-element_type=\"container\">\n\t\t\t\t<div class=\"elementor-element elementor-element-dc210cf elementor-widget elementor-widget-heading\" data-id=\"dc210cf\" data-element_type=\"widget\" data-widget_type=\"heading.default\">\n\t\t\t\t<div class=\"elementor-widget-container\">\n\t\t\t\t\t<h2 class=\"elementor-heading-title elementor-size-default\">Rreth projektit<\/h2>\t\t\t\t<\/div>\n\t\t\t\t<\/div>\n\t\t\t\t<div class=\"elementor-element elementor-element-b04974e elementor-widget elementor-widget-text-editor\" data-id=\"b04974e\" data-element_type=\"widget\" data-widget_type=\"text-editor.default\">\n\t\t\t\t<div class=\"elementor-widget-container\">\n\t\t\t\t\t\t\t\t\t<p>Projekti \"Solutions Connecting Farmers\" mb\u00ebshtetet p\u00ebrmes Programit P\u00ebrshpejtues t\u00eb Inovacionit Klimatik, t\u00eb Fondit t\u00eb P\u00ebrshtatjes (AFCIA). P\u00ebrmes k\u00ebtij projekti, ne u erdh\u00ebm n\u00eb ndihm\u00eb dy komunitete bujq\u00ebsore n\u00eb Bashkit\u00eb e Shkodr\u00ebs dhe Vor\u00ebs n\u00eb Shqip\u00ebri, duke iu p\u00ebrgjigjur nevojave t\u00eb tyre p\u00ebr p\u00ebrshtatje, ndaj kushteve t\u00eb diktuara nga ndryshimet klimatike, si dhe n\u00eb p\u00ebrmir\u00ebsimin e efikasitetit dhe modelit t\u00eb tyre t\u00eb biznesit.<\/p>\t\t\t\t\t\t\t\t<\/div>\n\t\t\t\t<\/div>\n\t\t\t\t<\/div>\n\t\t<div class=\"elementor-element elementor-element-ceaea74 e-con-full e-flex wpr-particle-no wpr-jarallax-no wpr-parallax-no wpr-sticky-section-no e-con e-child\" data-id=\"ceaea74\" data-element_type=\"container\">\n\t\t\t\t<div class=\"elementor-element elementor-element-9e10aeb elementor-widget elementor-widget-image\" data-id=\"9e10aeb\" data-element_type=\"widget\" data-widget_type=\"image.default\">\n\t\t\t\t<div class=\"elementor-widget-container\">\n\t\t\t\t\t\t\t\t\t\t\t\t\t\t\t<img fetchpriority=\"high\" decoding=\"async\" width=\"1024\" height=\"461\" src=\"https:\/\/rec.spontan.agency\/wp-content\/uploads\/2024\/10\/AFCIA_1-1024x461.jpg\" class=\"attachment-large size-large wp-image-7886\" alt=\"\" srcset=\"https:\/\/rec.spontan.agency\/wp-content\/uploads\/2024\/10\/AFCIA_1-1024x461.jpg 1024w, https:\/\/rec.spontan.agency\/wp-content\/uploads\/2024\/10\/AFCIA_1-300x135.jpg 300w, https:\/\/rec.spontan.agency\/wp-content\/uploads\/2024\/10\/AFCIA_1-768x346.jpg 768w, https:\/\/rec.spontan.agency\/wp-content\/uploads\/2024\/10\/AFCIA_1-1536x691.jpg 1536w, https:\/\/rec.spontan.agency\/wp-content\/uploads\/2024\/10\/AFCIA_1-2048x922.jpg 2048w\" sizes=\"(max-width: 1024px) 100vw, 1024px\" \/>\t\t\t\t\t\t\t\t\t\t\t\t\t\t\t<\/div>\n\t\t\t\t<\/div>\n\t\t\t\t<\/div>\n\t\t\t\t\t<\/div>\n\t\t\t\t<\/div>\n\t\t<div class=\"elementor-element elementor-element-11cb2e1 e-flex e-con-boxed wpr-particle-no wpr-jarallax-no wpr-parallax-no wpr-sticky-section-no e-con e-parent\" data-id=\"11cb2e1\" data-element_type=\"container\">\n\t\t\t\t\t<div class=\"e-con-inner\">\n\t\t<div class=\"elementor-element elementor-element-f351d2a e-con-full e-flex wpr-particle-no wpr-jarallax-no wpr-parallax-no wpr-sticky-section-no e-con e-child\" data-id=\"f351d2a\" data-element_type=\"container\">\n\t\t\t\t<div class=\"elementor-element elementor-element-2d37fd9 elementor-widget elementor-widget-image\" data-id=\"2d37fd9\" data-element_type=\"widget\" data-widget_type=\"image.default\">\n\t\t\t\t<div class=\"elementor-widget-container\">\n\t\t\t\t\t\t\t\t\t\t\t\t\t\t\t<img decoding=\"async\" width=\"1024\" height=\"768\" src=\"https:\/\/rec.spontan.agency\/wp-content\/uploads\/2024\/09\/AFCIA_2-1024x768.jpg\" class=\"attachment-large size-large wp-image-7849\" alt=\"\" srcset=\"https:\/\/rec.spontan.agency\/wp-content\/uploads\/2024\/09\/AFCIA_2-1024x768.jpg 1024w, https:\/\/rec.spontan.agency\/wp-content\/uploads\/2024\/09\/AFCIA_2-300x225.jpg 300w, https:\/\/rec.spontan.agency\/wp-content\/uploads\/2024\/09\/AFCIA_2-768x576.jpg 768w, https:\/\/rec.spontan.agency\/wp-content\/uploads\/2024\/09\/AFCIA_2-1536x1152.jpg 1536w, https:\/\/rec.spontan.agency\/wp-content\/uploads\/2024\/09\/AFCIA_2.jpg 2048w\" sizes=\"(max-width: 1024px) 100vw, 1024px\" \/>\t\t\t\t\t\t\t\t\t\t\t\t\t\t\t<\/div>\n\t\t\t\t<\/div>\n\t\t\t\t<\/div>\n\t\t<div class=\"elementor-element elementor-element-93aa529 e-con-full e-flex wpr-particle-no wpr-jarallax-no wpr-parallax-no wpr-sticky-section-no e-con e-child\" data-id=\"93aa529\" data-element_type=\"container\">\n\t\t\t\t<div class=\"elementor-element elementor-element-1c2bc34 elementor-widget elementor-widget-heading\" data-id=\"1c2bc34\" data-element_type=\"widget\" data-widget_type=\"heading.default\">\n\t\t\t\t<div class=\"elementor-widget-container\">\n\t\t\t\t\t<h2 class=\"elementor-heading-title elementor-size-default\">Fshati Oblik\u00eb, Bashkia Shkod\u00ebr<\/h2>\t\t\t\t<\/div>\n\t\t\t\t<\/div>\n\t\t\t\t<div class=\"elementor-element elementor-element-4e36898 elementor-widget elementor-widget-text-editor\" data-id=\"4e36898\" data-element_type=\"widget\" data-widget_type=\"text-editor.default\">\n\t\t\t\t<div class=\"elementor-widget-container\">\n\t\t\t\t\t\t\t\t\t<p>Komunitetet bujq\u00ebsore n\u00eb fshatin Oblik\u00eb t\u00eb Shkodr\u00ebs u pajis\u00ebn me nj\u00eb teknologji t\u00eb avancuar p\u00ebr pompimin e ujit duke shfryt\u00ebzuar energjin\u00eb diellore. Synimi ishte p\u00ebrmir\u00ebsimi i rendimentit vadit\u00ebs, si dhe rritja e aft\u00ebsis\u00eb p\u00ebrballuese ndaj that\u00ebsirave. P\u00ebrfitime t\u00eb dukshme jan\u00eb v\u00ebrejtur tashm\u00eb nga fermer\u00ebt, t\u00eb cil\u00ebt raportuan t\u00eb ardhura m\u00eb t\u00eb larta p\u00ebr shkak t\u00eb efektit t\u00eb kombinuar t\u00eb kursimeve dhe rendimentit m\u00eb t\u00eb lart\u00eb t\u00eb t\u00eb korrave gjat\u00eb stin\u00ebve m\u00eb t\u00eb nxehta, \u00e7ka mund t\u00eb shpjegohet vet\u00ebm p\u00ebr shkak t\u00eb teknologjis\u00eb s\u00eb ujitjes me energji diellore, n\u00eb situat\u00ebn kur kushtet e tjera mbet\u00ebn t\u00eb pandryshuara.<\/p>\t\t\t\t\t\t\t\t<\/div>\n\t\t\t\t<\/div>\n\t\t\t\t<\/div>\n\t\t\t\t\t<\/div>\n\t\t\t\t<\/div>\n\t\t<div class=\"elementor-element elementor-element-440fd7e e-flex e-con-boxed wpr-particle-no wpr-jarallax-no wpr-parallax-no wpr-sticky-section-no e-con e-parent\" data-id=\"440fd7e\" data-element_type=\"container\">\n\t\t\t\t\t<div class=\"e-con-inner\">\n\t\t<div class=\"elementor-element elementor-element-deda466 e-con-full e-flex wpr-particle-no wpr-jarallax-no wpr-parallax-no wpr-sticky-section-no e-con e-child\" data-id=\"deda466\" data-element_type=\"container\">\n\t\t\t\t<div class=\"elementor-element elementor-element-e98020e elementor-widget elementor-widget-heading\" data-id=\"e98020e\" data-element_type=\"widget\" data-widget_type=\"heading.default\">\n\t\t\t\t<div class=\"elementor-widget-container\">\n\t\t\t\t\t<h2 class=\"elementor-heading-title elementor-size-default\">Fshati Marqinet, Bashkia Vor\u00eb<\/h2>\t\t\t\t<\/div>\n\t\t\t\t<\/div>\n\t\t\t\t<div class=\"elementor-element elementor-element-10eade4 elementor-widget elementor-widget-text-editor\" data-id=\"10eade4\" data-element_type=\"widget\" data-widget_type=\"text-editor.default\">\n\t\t\t\t<div class=\"elementor-widget-container\">\n\t\t\t\t\t\t\t\t\t<p>N\u00eb komunitetin ullishtar t\u00eb Marqinetit (Bashkia e Vor\u00ebs), REC Shqip\u00ebria vler\u00ebsoi nevoj\u00ebn e fermer\u00ebve lokal\u00eb p\u00ebr t\u00eb pastruar biomas\u00ebn e ullirit t\u00eb kthyer n\u00eb mbetje pas procesit t\u00eb korrjes. K\u00ebto mbetje, p\u00ebrve\u00e7 ndikimeve negative n\u00eb proceset e logjistik\u00ebs bujq\u00ebsore, lidhen gjithashtu me d\u00ebmtime t\u00eb mundshme t\u00eb cil\u00ebsis\u00eb s\u00eb tok\u00ebs p\u00ebr shkak t\u00eb fenoleve toksike t\u00eb deponuara. Prandaj, komuniteti i Marqinetit u pajis me nj\u00eb mekaniz\u00ebm bl\u00ebrjeje (grimcues i montuesh\u00ebm) p\u00ebr k\u00ebto mbetje t\u00eb biomas\u00ebs s\u00eb ullirit, gj\u00eb q\u00eb ka ndihmuar komunitetin t\u00eb rris\u00eb rendimentin e prodhimit.<\/p>\t\t\t\t\t\t\t\t<\/div>\n\t\t\t\t<\/div>\n\t\t\t\t<\/div>\n\t\t<div class=\"elementor-element elementor-element-c42034c e-con-full e-flex wpr-particle-no wpr-jarallax-no wpr-parallax-no wpr-sticky-section-no e-con e-child\" data-id=\"c42034c\" data-element_type=\"container\">\n\t\t\t\t<div class=\"elementor-element elementor-element-4bcb9c7 elementor-widget elementor-widget-image\" data-id=\"4bcb9c7\" data-element_type=\"widget\" data-widget_type=\"image.default\">\n\t\t\t\t<div class=\"elementor-widget-container\">\n\t\t\t\t\t\t\t\t\t\t\t\t\t\t\t<img decoding=\"async\" width=\"768\" height=\"1024\" src=\"https:\/\/rec.spontan.agency\/wp-content\/uploads\/2024\/09\/AFCIA_6-768x1024.jpg\" class=\"attachment-large size-large wp-image-7848\" alt=\"\" srcset=\"https:\/\/rec.spontan.agency\/wp-content\/uploads\/2024\/09\/AFCIA_6-768x1024.jpg 768w, https:\/\/rec.spontan.agency\/wp-content\/uploads\/2024\/09\/AFCIA_6-225x300.jpg 225w, https:\/\/rec.spontan.agency\/wp-content\/uploads\/2024\/09\/AFCIA_6-1152x1536.jpg 1152w, https:\/\/rec.spontan.agency\/wp-content\/uploads\/2024\/09\/AFCIA_6.jpg 1200w\" sizes=\"(max-width: 768px) 100vw, 768px\" \/>\t\t\t\t\t\t\t\t\t\t\t\t\t\t\t<\/div>\n\t\t\t\t<\/div>\n\t\t\t\t<\/div>\n\t\t\t\t\t<\/div>\n\t\t\t\t<\/div>\n\t\t\t\t\t<\/div>\n\t\t<\/div>\n\t\t\t\t\t<\/div>\n\t\t<\/section>\n\t\t\t\t<\/div>","protected":false},"excerpt":{"rendered":"<p>About the Project The &#8220;Solutions Connecting Farmers&#8221; (SCF) project represents an innovation-driven initiative, supported by UNDP through the Adaptation Fund Climate Innovation Accelerator (AFCIA) Programme. Through this project, we are assisting two farming communities in the Municipalities of Shkod\u00ebr and Vor\u00eb in Albania, in response to their needs for adaptation to conditions dictated by climate change, as well as in improving their efficiency and business model. Oblik\u00eb, Municipality of Shkod\u00ebr Farming communities in the village of Oblik\u00eb, Municipality of Shkod\u00ebr were provided with an advanced solar-powered pumping technology for improved irrigation coverage and yield. Noticeable gains have already been observed by the beneficiaries, who reported higher earnings due to the combined effect of savings and higher crop yield this summer, which can be explained only due to the solar-powered irrigation technology, in what was otherwise a drought-intensive season. Marqinet, Municipality of Vor\u00eb In the olive-growing community of Marqinet (Municipality of Vor\u00eb), REC Albania assessed local farmers\u2019 need to clean olive biomass turned into waste after the harvesting process. This waste, in addition to negative impacts on agricultural logistics processes, is also associated with potential damage to soil quality due to toxic phenols deposited. Therefore, the Marqinet community was provided with a grinding mechanism (mountable shredder) for this olive biomass waste, which has helped the community increase production yield.<\/p>","protected":false},"author":1,"featured_media":0,"parent":0,"menu_order":0,"comment_status":"closed","ping_status":"closed","template":"blank-template.php","meta":{"_acf_changed":false,"give_campaign_id":0,"footnotes":""},"class_list":["post-7845","page","type-page","status-publish","hentry"],"acf":[],"campaignId":"","rttpg_featured_image_url":null,"rttpg_author":{"display_name":"admin","author_link":"https:\/\/rec.spontan.agency\/sq\/author\/admin\/"},"rttpg_comment":0,"rttpg_category":null,"rttpg_excerpt":"About the Project The &#8220;Solutions Connecting Farmers&#8221; (SCF) project represents an innovation-driven initiative, supported by UNDP through the Adaptation Fund Climate Innovation Accelerator (AFCIA) Programme. Through this project, we are assisting two farming communities in the Municipalities of Shkod\u00ebr and Vor\u00eb in Albania, in response to their needs for adaptation to conditions dictated by climate&hellip;","_links":{"self":[{"href":"https:\/\/rec.spontan.agency\/sq\/wp-json\/wp\/v2\/pages\/7845","targetHints":{"allow":["GET"]}}],"collection":[{"href":"https:\/\/rec.spontan.agency\/sq\/wp-json\/wp\/v2\/pages"}],"about":[{"href":"https:\/\/rec.spontan.agency\/sq\/wp-json\/wp\/v2\/types\/page"}],"author":[{"embeddable":true,"href":"https:\/\/rec.spontan.agency\/sq\/wp-json\/wp\/v2\/users\/1"}],"replies":[{"embeddable":true,"href":"https:\/\/rec.spontan.agency\/sq\/wp-json\/wp\/v2\/comments?post=7845"}],"version-history":[{"count":25,"href":"https:\/\/rec.spontan.agency\/sq\/wp-json\/wp\/v2\/pages\/7845\/revisions"}],"predecessor-version":[{"id":9010,"href":"https:\/\/rec.spontan.agency\/sq\/wp-json\/wp\/v2\/pages\/7845\/revisions\/9010"}],"wp:attachment":[{"href":"https:\/\/rec.spontan.agency\/sq\/wp-json\/wp\/v2\/media?parent=7845"}],"curies":[{"name":"wp","href":"https:\/\/api.w.org\/{rel}","templated":true}]}}