{"id":7836,"date":"2024-09-30T13:39:49","date_gmt":"2024-09-30T13:39:49","guid":{"rendered":"https:\/\/ww2.recshqiperi.org\/?page_id=7836"},"modified":"2025-03-27T00:36:16","modified_gmt":"2025-03-27T00:36:16","slug":"connectivity-through-pastures","status":"publish","type":"page","link":"https:\/\/rec.spontan.agency\/sq\/connectivity-through-pastures\/","title":{"rendered":"Connectivity through Pastures"},"content":{"rendered":"<div data-elementor-type=\"wp-page\" data-elementor-id=\"7836\" class=\"elementor elementor-7836\" data-elementor-post-type=\"page\">\n\t\t\t\t\t\t<section class=\"elementor-section elementor-top-section elementor-element elementor-element-87446e3 elementor-section-boxed elementor-section-height-default elementor-section-height-default wpr-particle-no wpr-jarallax-no wpr-parallax-no wpr-sticky-section-no\" data-id=\"87446e3\" data-element_type=\"section\">\n\t\t\t\t\t\t<div class=\"elementor-container elementor-column-gap-no\">\n\t\t\t\t\t<div class=\"elementor-column elementor-col-100 elementor-top-column elementor-element elementor-element-4f28af3\" data-id=\"4f28af3\" data-element_type=\"column\">\n\t\t\t<div class=\"elementor-widget-wrap elementor-element-populated\">\n\t\t\t\t<div class=\"elementor-element elementor-element-b94d033 e-flex e-con-boxed wpr-particle-no wpr-jarallax-no wpr-parallax-no wpr-sticky-section-no e-con e-parent\" data-id=\"b94d033\" data-element_type=\"container\">\n\t\t\t\t\t<div class=\"e-con-inner\">\n\t\t<div class=\"elementor-element elementor-element-1b43059 e-con-full e-flex wpr-particle-no wpr-jarallax-no wpr-parallax-no wpr-sticky-section-no e-con e-child\" data-id=\"1b43059\" data-element_type=\"container\">\n\t\t\t\t<div class=\"elementor-element elementor-element-dc210cf elementor-widget elementor-widget-heading\" data-id=\"dc210cf\" data-element_type=\"widget\" data-widget_type=\"heading.default\">\n\t\t\t\t<div class=\"elementor-widget-container\">\n\t\t\t\t\t<h2 class=\"elementor-heading-title elementor-size-default\">Rreth projektit<\/h2>\t\t\t\t<\/div>\n\t\t\t\t<\/div>\n\t\t\t\t<div class=\"elementor-element elementor-element-b04974e elementor-widget elementor-widget-text-editor\" data-id=\"b04974e\" data-element_type=\"widget\" data-widget_type=\"text-editor.default\">\n\t\t\t\t<div class=\"elementor-widget-container\">\n\t\t\t\t\t\t\t\t\t<p>\u201cConnectivity through Pastures\u201d (CtP) mb\u00ebshtetet nga Shoqata e Brezit t\u00eb Gjelb\u00ebr Evropian, si dhe nga Bashkimi Evropian. Projekti synon t\u00eb adresoj\u00eb disa prej sfidave me t\u00eb cilat p\u00ebrballet ekosistemi tejet i neglizhuar dhe i degraduar i kullotave n\u00eb vendin ton\u00eb. N\u00eb ve\u00e7anti, p\u00ebrmes k\u00ebsaj nisme, po shqyrtohen nevojat p\u00ebr rehabilitimin e k\u00ebtij ekosistemi delikat.<\/p>\t\t\t\t\t\t\t\t<\/div>\n\t\t\t\t<\/div>\n\t\t\t\t<\/div>\n\t\t<div class=\"elementor-element elementor-element-ceaea74 e-con-full e-flex wpr-particle-no wpr-jarallax-no wpr-parallax-no wpr-sticky-section-no e-con e-child\" data-id=\"ceaea74\" data-element_type=\"container\">\n\t\t\t\t<div class=\"elementor-element elementor-element-1e159af elementor-widget elementor-widget-image\" data-id=\"1e159af\" data-element_type=\"widget\" data-widget_type=\"image.default\">\n\t\t\t\t<div class=\"elementor-widget-container\">\n\t\t\t\t\t\t\t\t\t\t\t\t\t\t\t<img fetchpriority=\"high\" decoding=\"async\" width=\"1024\" height=\"683\" src=\"https:\/\/rec.spontan.agency\/wp-content\/uploads\/2024\/10\/CtP_2-1024x683.jpg\" class=\"attachment-large size-large wp-image-8056\" alt=\"\" srcset=\"https:\/\/rec.spontan.agency\/wp-content\/uploads\/2024\/10\/CtP_2-1024x683.jpg 1024w, https:\/\/rec.spontan.agency\/wp-content\/uploads\/2024\/10\/CtP_2-300x200.jpg 300w, https:\/\/rec.spontan.agency\/wp-content\/uploads\/2024\/10\/CtP_2-768x512.jpg 768w, https:\/\/rec.spontan.agency\/wp-content\/uploads\/2024\/10\/CtP_2-1536x1025.jpg 1536w, https:\/\/rec.spontan.agency\/wp-content\/uploads\/2024\/10\/CtP_2.jpg 2048w\" sizes=\"(max-width: 1024px) 100vw, 1024px\" \/>\t\t\t\t\t\t\t\t\t\t\t\t\t\t\t<\/div>\n\t\t\t\t<\/div>\n\t\t\t\t<\/div>\n\t\t\t\t\t<\/div>\n\t\t\t\t<\/div>\n\t\t<div class=\"elementor-element elementor-element-11cb2e1 e-flex e-con-boxed wpr-particle-no wpr-jarallax-no wpr-parallax-no wpr-sticky-section-no e-con e-parent\" data-id=\"11cb2e1\" data-element_type=\"container\">\n\t\t\t\t\t<div class=\"e-con-inner\">\n\t\t<div class=\"elementor-element elementor-element-f351d2a e-con-full e-flex wpr-particle-no wpr-jarallax-no wpr-parallax-no wpr-sticky-section-no e-con e-child\" data-id=\"f351d2a\" data-element_type=\"container\">\n\t\t\t\t<div class=\"elementor-element elementor-element-2d37fd9 elementor-widget elementor-widget-image\" data-id=\"2d37fd9\" data-element_type=\"widget\" data-widget_type=\"image.default\">\n\t\t\t\t<div class=\"elementor-widget-container\">\n\t\t\t\t\t\t\t\t\t\t\t\t\t\t\t<img decoding=\"async\" width=\"1024\" height=\"576\" src=\"https:\/\/rec.spontan.agency\/wp-content\/uploads\/2024\/09\/CtP_1-1024x576.jpg\" class=\"attachment-large size-large wp-image-7840\" alt=\"\" srcset=\"https:\/\/rec.spontan.agency\/wp-content\/uploads\/2024\/09\/CtP_1-1024x576.jpg 1024w, https:\/\/rec.spontan.agency\/wp-content\/uploads\/2024\/09\/CtP_1-300x169.jpg 300w, https:\/\/rec.spontan.agency\/wp-content\/uploads\/2024\/09\/CtP_1-768x432.jpg 768w, https:\/\/rec.spontan.agency\/wp-content\/uploads\/2024\/09\/CtP_1-1536x864.jpg 1536w, https:\/\/rec.spontan.agency\/wp-content\/uploads\/2024\/09\/CtP_1.jpg 2048w\" sizes=\"(max-width: 1024px) 100vw, 1024px\" \/>\t\t\t\t\t\t\t\t\t\t\t\t\t\t\t<\/div>\n\t\t\t\t<\/div>\n\t\t\t\t<\/div>\n\t\t<div class=\"elementor-element elementor-element-93aa529 e-con-full e-flex wpr-particle-no wpr-jarallax-no wpr-parallax-no wpr-sticky-section-no e-con e-child\" data-id=\"93aa529\" data-element_type=\"container\">\n\t\t\t\t<div class=\"elementor-element elementor-element-1c2bc34 elementor-widget elementor-widget-heading\" data-id=\"1c2bc34\" data-element_type=\"widget\" data-widget_type=\"heading.default\">\n\t\t\t\t<div class=\"elementor-widget-container\">\n\t\t\t\t\t<h2 class=\"elementor-heading-title elementor-size-default\">Objektivat<\/h2>\t\t\t\t<\/div>\n\t\t\t\t<\/div>\n\t\t\t\t<div class=\"elementor-element elementor-element-4e36898 elementor-widget elementor-widget-text-editor\" data-id=\"4e36898\" data-element_type=\"widget\" data-widget_type=\"text-editor.default\">\n\t\t\t\t<div class=\"elementor-widget-container\">\n\t\t\t\t\t\t\t\t\t<p>\"CtP\" sjell nj\u00eb vler\u00ebsim gjith\u00ebp\u00ebrfshir\u00ebs t\u00eb kushteve n\u00eb kullotat e Brezit t\u00eb Gjelb\u00ebr lindor t\u00eb Shqip\u00ebris\u00eb, q\u00eb shtrihet (nga veriu n\u00eb jug) n\u00eb Bashkit\u00eb e Kuk\u00ebsit, Dibr\u00ebs, Bulqiz\u00ebs dhe Librazhdit. Vler\u00ebsimi i situat\u00ebs do t\u00eb kryhet p\u00ebrmes nj\u00eb studimi t\u00eb ve\u00e7orive gjeo-morfologjike t\u00eb zon\u00ebs, si dhe karakteristikave botanike-ekologjike dhe ndikimit t\u00eb klim\u00ebs mbi to, duke ndjekur metodologjin\u00eb Natura 2000. P\u00ebrve\u00e7 k\u00ebsaj, do t\u00eb kryhet nj\u00eb vler\u00ebsim i ndikimit socio-ekonomik t\u00eb ndryshimeve t\u00eb p\u00ebrjetuara nga komuniteti n\u00eb k\u00ebto ekosisteme.<\/p>\t\t\t\t\t\t\t\t<\/div>\n\t\t\t\t<\/div>\n\t\t\t\t<\/div>\n\t\t\t\t\t<\/div>\n\t\t\t\t<\/div>\n\t\t\t\t\t<\/div>\n\t\t<\/div>\n\t\t\t\t\t<\/div>\n\t\t<\/section>\n\t\t\t\t<\/div>","protected":false},"excerpt":{"rendered":"<p>About the Project \u201cConnectivity through Pastures\u201d (CtP) is supported by the European Green Belt and the European Union, and aims to address the challenges faced by a highly neglected typology of natural ecosystems found in our country, pastures. In particular, the project follows the requirements for rehabilitation or halting the environmental degradation that pastures along the eastern edges of the Albanian Green Belt are facing. Project goals &#8220;CtP&#8221; will bring a comprehensive assessment of the conditions in the pastures of the eastern Albanian Green Belt, stretching (from north to south) in the Municipalities of Kuk\u00ebs, Dib\u00ebr, Bulqiz\u00eb, and Librazhd. The assessment of the situation will be outlined by a comprehensive study of the geo-morphological features of the area, as well as the botanical-ecological characteristics and the impact of climate on them, following the Natura 2000 methodology. Additionally, an assessment of the socio-economic impact of the changes experienced by these ecosystems will be conducted.<\/p>","protected":false},"author":1,"featured_media":7839,"parent":0,"menu_order":0,"comment_status":"closed","ping_status":"closed","template":"blank-template.php","meta":{"_acf_changed":false,"give_campaign_id":0,"footnotes":""},"class_list":["post-7836","page","type-page","status-publish","has-post-thumbnail","hentry"],"acf":[],"campaignId":"","rttpg_featured_image_url":{"full":["https:\/\/rec.spontan.agency\/wp-content\/uploads\/2024\/09\/CtP_3.jpg",1430,918,false],"landscape":["https:\/\/rec.spontan.agency\/wp-content\/uploads\/2024\/09\/CtP_3.jpg",1430,918,false],"portraits":["https:\/\/rec.spontan.agency\/wp-content\/uploads\/2024\/09\/CtP_3.jpg",1430,918,false],"thumbnail":["https:\/\/rec.spontan.agency\/wp-content\/uploads\/2024\/09\/CtP_3-150x150.jpg",150,150,true],"medium":["https:\/\/rec.spontan.agency\/wp-content\/uploads\/2024\/09\/CtP_3-300x193.jpg",300,193,true],"large":["https:\/\/rec.spontan.agency\/wp-content\/uploads\/2024\/09\/CtP_3-1024x657.jpg",1024,657,true],"1536x1536":["https:\/\/rec.spontan.agency\/wp-content\/uploads\/2024\/09\/CtP_3.jpg",1430,918,false],"2048x2048":["https:\/\/rec.spontan.agency\/wp-content\/uploads\/2024\/09\/CtP_3.jpg",1430,918,false],"trp-custom-language-flag":["https:\/\/rec.spontan.agency\/wp-content\/uploads\/2024\/09\/CtP_3.jpg",18,12,false],"ecofine-large":["https:\/\/rec.spontan.agency\/wp-content\/uploads\/2024\/09\/CtP_3-1320x700.jpg",1320,700,true]},"rttpg_author":{"display_name":"admin","author_link":"https:\/\/rec.spontan.agency\/sq\/author\/admin\/"},"rttpg_comment":0,"rttpg_category":null,"rttpg_excerpt":"About the Project \u201cConnectivity through Pastures\u201d (CtP) is supported by the European Green Belt and the European Union, and aims to address the challenges faced by a highly neglected typology of natural ecosystems found in our country, pastures. In particular, the project follows the requirements for rehabilitation or halting the environmental degradation that pastures along&hellip;","_links":{"self":[{"href":"https:\/\/rec.spontan.agency\/sq\/wp-json\/wp\/v2\/pages\/7836","targetHints":{"allow":["GET"]}}],"collection":[{"href":"https:\/\/rec.spontan.agency\/sq\/wp-json\/wp\/v2\/pages"}],"about":[{"href":"https:\/\/rec.spontan.agency\/sq\/wp-json\/wp\/v2\/types\/page"}],"author":[{"embeddable":true,"href":"https:\/\/rec.spontan.agency\/sq\/wp-json\/wp\/v2\/users\/1"}],"replies":[{"embeddable":true,"href":"https:\/\/rec.spontan.agency\/sq\/wp-json\/wp\/v2\/comments?post=7836"}],"version-history":[{"count":17,"href":"https:\/\/rec.spontan.agency\/sq\/wp-json\/wp\/v2\/pages\/7836\/revisions"}],"predecessor-version":[{"id":9013,"href":"https:\/\/rec.spontan.agency\/sq\/wp-json\/wp\/v2\/pages\/7836\/revisions\/9013"}],"wp:featuredmedia":[{"embeddable":true,"href":"https:\/\/rec.spontan.agency\/sq\/wp-json\/wp\/v2\/media\/7839"}],"wp:attachment":[{"href":"https:\/\/rec.spontan.agency\/sq\/wp-json\/wp\/v2\/media?parent=7836"}],"curies":[{"name":"wp","href":"https:\/\/api.w.org\/{rel}","templated":true}]}}