{"id":7825,"date":"2024-09-30T13:35:01","date_gmt":"2024-09-30T13:35:01","guid":{"rendered":"https:\/\/ww2.recshqiperi.org\/?page_id=7825"},"modified":"2025-03-27T00:36:43","modified_gmt":"2025-03-27T00:36:43","slug":"environmental-justice-albania","status":"publish","type":"page","link":"https:\/\/rec.spontan.agency\/sq\/environmental-justice-albania\/","title":{"rendered":"EJA: Environmental Justice in Albania"},"content":{"rendered":"<div data-elementor-type=\"wp-page\" data-elementor-id=\"7825\" class=\"elementor elementor-7825\" data-elementor-post-type=\"page\">\n\t\t\t\t\t\t<section class=\"elementor-section elementor-top-section elementor-element elementor-element-87446e3 elementor-section-boxed elementor-section-height-default elementor-section-height-default wpr-particle-no wpr-jarallax-no wpr-parallax-no wpr-sticky-section-no\" data-id=\"87446e3\" data-element_type=\"section\">\n\t\t\t\t\t\t<div class=\"elementor-container elementor-column-gap-no\">\n\t\t\t\t\t<div class=\"elementor-column elementor-col-100 elementor-top-column elementor-element elementor-element-4f28af3\" data-id=\"4f28af3\" data-element_type=\"column\">\n\t\t\t<div class=\"elementor-widget-wrap elementor-element-populated\">\n\t\t\t\t<div class=\"elementor-element elementor-element-b94d033 e-flex e-con-boxed wpr-particle-no wpr-jarallax-no wpr-parallax-no wpr-sticky-section-no e-con e-parent\" data-id=\"b94d033\" data-element_type=\"container\">\n\t\t\t\t\t<div class=\"e-con-inner\">\n\t\t<div class=\"elementor-element elementor-element-1b43059 e-con-full e-flex wpr-particle-no wpr-jarallax-no wpr-parallax-no wpr-sticky-section-no e-con e-child\" data-id=\"1b43059\" data-element_type=\"container\">\n\t\t\t\t<div class=\"elementor-element elementor-element-dc210cf elementor-widget elementor-widget-heading\" data-id=\"dc210cf\" data-element_type=\"widget\" data-widget_type=\"heading.default\">\n\t\t\t\t<div class=\"elementor-widget-container\">\n\t\t\t\t\t<h2 class=\"elementor-heading-title elementor-size-default\">Rreth projektit<\/h2>\t\t\t\t<\/div>\n\t\t\t\t<\/div>\n\t\t\t\t<div class=\"elementor-element elementor-element-b04974e elementor-widget elementor-widget-text-editor\" data-id=\"b04974e\" data-element_type=\"widget\" data-widget_type=\"text-editor.default\">\n\t\t\t\t<div class=\"elementor-widget-container\">\n\t\t\t\t\t\t\t\t\t<p>Projekti \"Environmental Justice in Albania\" (EJA) \u00ebsht\u00eb nism\u00eb q\u00eb synon t\u00eb fuqizoj\u00eb institucionet dhe komunitetet lokale n\u00eb adresimin e \u00e7\u00ebshtjeve q\u00eb lidhen me paligjshm\u00ebrit\u00eb mjedisore. I financuar nga Bashkimi Evropian p\u00ebrmes Programit IPA III, kjo nism\u00eb bashkon REC Shqip\u00ebri, BlueLink Bullgari, dhe BIRN Shqip\u00ebri, me mb\u00ebshtetjen strategjike t\u00eb Prezenc\u00ebs s\u00eb OSBE-s\u00eb n\u00eb Shqip\u00ebri.<\/p><p>\"EJA\" \u00ebsht\u00eb hartuar rreth nj\u00eb strategjie gjith\u00ebp\u00ebrfshir\u00ebse me dy drejtime, fuqizimin institucional dhe angazhimin e komunitetit. N\u00eb thelb t\u00eb saj, nisma fokusohet n\u00eb pajisjen e pal\u00ebve kryesore t\u00eb interesuara me mjetet dhe njohurit\u00eb e nevojshme p\u00ebr t\u00eb luftuar n\u00eb m\u00ebnyr\u00eb efektive shkeljet mjedisore. Organet e zbatimit t\u00eb ligjit, prokuror\u00ebt dhe gjykatat do t\u00eb marrin mb\u00ebshtetje praktike p\u00ebr t\u00eb forcuar kapacitetet e tyre hetimore dhe ligjore, duke i mund\u00ebsuar atyre t\u00eb identifikojn\u00eb, dokumentojn\u00eb dhe ndjekin penalisht paligjshm\u00ebrit\u00eb mjedisore n\u00eb m\u00ebnyr\u00eb m\u00eb efektive.<\/p>\t\t\t\t\t\t\t\t<\/div>\n\t\t\t\t<\/div>\n\t\t\t\t<\/div>\n\t\t<div class=\"elementor-element elementor-element-ceaea74 e-con-full e-flex wpr-particle-no wpr-jarallax-no wpr-parallax-no wpr-sticky-section-no e-con e-child\" data-id=\"ceaea74\" data-element_type=\"container\">\n\t\t\t\t<div class=\"elementor-element elementor-element-856c199 elementor-widget elementor-widget-image\" data-id=\"856c199\" data-element_type=\"widget\" data-widget_type=\"image.default\">\n\t\t\t\t<div class=\"elementor-widget-container\">\n\t\t\t\t\t\t\t\t\t\t\t\t\t\t\t<img fetchpriority=\"high\" decoding=\"async\" width=\"1024\" height=\"327\" src=\"https:\/\/rec.spontan.agency\/wp-content\/uploads\/2024\/09\/EJA-Project-Logo-1-1024x327.png\" class=\"attachment-large size-large wp-image-7827\" alt=\"\" srcset=\"https:\/\/rec.spontan.agency\/wp-content\/uploads\/2024\/09\/EJA-Project-Logo-1-1024x327.png 1024w, https:\/\/rec.spontan.agency\/wp-content\/uploads\/2024\/09\/EJA-Project-Logo-1-300x96.png 300w, https:\/\/rec.spontan.agency\/wp-content\/uploads\/2024\/09\/EJA-Project-Logo-1-768x245.png 768w, https:\/\/rec.spontan.agency\/wp-content\/uploads\/2024\/09\/EJA-Project-Logo-1.png 1052w\" sizes=\"(max-width: 1024px) 100vw, 1024px\" \/>\t\t\t\t\t\t\t\t\t\t\t\t\t\t\t<\/div>\n\t\t\t\t<\/div>\n\t\t\t\t<\/div>\n\t\t\t\t\t<\/div>\n\t\t\t\t<\/div>\n\t\t<div class=\"elementor-element elementor-element-11cb2e1 e-flex e-con-boxed wpr-particle-no wpr-jarallax-no wpr-parallax-no wpr-sticky-section-no e-con e-parent\" data-id=\"11cb2e1\" data-element_type=\"container\">\n\t\t\t\t\t<div class=\"e-con-inner\">\n\t\t<div class=\"elementor-element elementor-element-f351d2a e-con-full e-flex wpr-particle-no wpr-jarallax-no wpr-parallax-no wpr-sticky-section-no e-con e-child\" data-id=\"f351d2a\" data-element_type=\"container\">\n\t\t\t\t<div class=\"elementor-element elementor-element-2d37fd9 elementor-widget elementor-widget-image\" data-id=\"2d37fd9\" data-element_type=\"widget\" data-widget_type=\"image.default\">\n\t\t\t\t<div class=\"elementor-widget-container\">\n\t\t\t\t\t\t\t\t\t\t\t\t\t\t\t<img decoding=\"async\" width=\"1024\" height=\"768\" src=\"https:\/\/rec.spontan.agency\/wp-content\/uploads\/2024\/09\/EJA_3-1024x768.jpg\" class=\"attachment-large size-large wp-image-7828\" alt=\"\" srcset=\"https:\/\/rec.spontan.agency\/wp-content\/uploads\/2024\/09\/EJA_3-1024x768.jpg 1024w, https:\/\/rec.spontan.agency\/wp-content\/uploads\/2024\/09\/EJA_3-300x225.jpg 300w, https:\/\/rec.spontan.agency\/wp-content\/uploads\/2024\/09\/EJA_3-768x576.jpg 768w, https:\/\/rec.spontan.agency\/wp-content\/uploads\/2024\/09\/EJA_3-1536x1152.jpg 1536w, https:\/\/rec.spontan.agency\/wp-content\/uploads\/2024\/09\/EJA_3.jpg 2048w\" sizes=\"(max-width: 1024px) 100vw, 1024px\" \/>\t\t\t\t\t\t\t\t\t\t\t\t\t\t\t<\/div>\n\t\t\t\t<\/div>\n\t\t\t\t<\/div>\n\t\t<div class=\"elementor-element elementor-element-93aa529 e-con-full e-flex wpr-particle-no wpr-jarallax-no wpr-parallax-no wpr-sticky-section-no e-con e-child\" data-id=\"93aa529\" data-element_type=\"container\">\n\t\t\t\t<div class=\"elementor-element elementor-element-1c2bc34 elementor-widget elementor-widget-heading\" data-id=\"1c2bc34\" data-element_type=\"widget\" data-widget_type=\"heading.default\">\n\t\t\t\t<div class=\"elementor-widget-container\">\n\t\t\t\t\t<h2 class=\"elementor-heading-title elementor-size-default\">Qasja<\/h2>\t\t\t\t<\/div>\n\t\t\t\t<\/div>\n\t\t\t\t<div class=\"elementor-element elementor-element-4e36898 elementor-widget elementor-widget-text-editor\" data-id=\"4e36898\" data-element_type=\"widget\" data-widget_type=\"text-editor.default\">\n\t\t\t\t<div class=\"elementor-widget-container\">\n\t\t\t\t\t\t\t\t\t<p>Projekti shkon p\u00ebrtej qasjeve tradicionale duke krijuar kanale komunikimi t\u00eb drejtp\u00ebrdrejta midis institucioneve dhe komuniteteve lokale. Kjo qasje synon t\u00eb thyej\u00eb barrierat dhe t\u00eb nxis\u00eb nj\u00eb mjedis bashk\u00ebpunues ku qytetar\u00ebt mund t\u00eb ndihen pjes\u00ebmarr\u00ebs aktiv\u00eb n\u00eb mbrojtjen e mjedisit. Pal\u00ebt lokale t\u00eb interesuara do t\u00eb trajnohen, duke m\u00ebsuar se si t\u00eb identifikojn\u00eb dhe dokumentojn\u00eb shkeljet, t\u00eb navigojn\u00eb proceset komplekse t\u00eb raportimit, dhe t\u00eb kontribuojn\u00eb n\u00eb nd\u00ebrtimin e padive me informacion shterues.<\/p><p>P\u00ebr t\u00eb mb\u00ebshtetur k\u00ebt\u00eb vizion ambicioz, projekti do t\u00eb gjeneroj\u00eb disa burime kritike q\u00eb kan\u00eb munguar n\u00eb peizazhin e drejt\u00ebsis\u00eb mjedisore t\u00eb Shqip\u00ebris\u00eb. Grupimi i ekspertiz\u00ebs \"EJA\" do t\u00eb nd\u00ebrtoj\u00eb nj\u00eb baz\u00eb t\u00eb dh\u00ebnash gjith\u00ebp\u00ebrfshir\u00ebse rreth dokumentimit t\u00eb krimeve mjedisore, duke ofruar nj\u00eb themel t\u00eb fort\u00eb p\u00ebr hetimet e ardhshme. Duke e plot\u00ebsuar k\u00ebt\u00eb, raporti \"Grey Crime and Green Justice in Albania\" rreth kapaciteteve dhe mang\u00ebsive t\u00eb aktor\u00ebve kryesor\u00eb, ka p\u00ebr q\u00ebllim t\u00eb ofroj\u00eb njohuri analitike p\u00ebr pikat e forta dhe dob\u00ebsit\u00eb institucionale, duke udh\u00ebhequr p\u00ebrmir\u00ebsime t\u00eb synuara n\u00eb zbatimin e ligjit mjedisor.<\/p>\t\t\t\t\t\t\t\t<\/div>\n\t\t\t\t<\/div>\n\t\t\t\t<\/div>\n\t\t\t\t\t<\/div>\n\t\t\t\t<\/div>\n\t\t<div class=\"elementor-element elementor-element-440fd7e e-flex e-con-boxed wpr-particle-no wpr-jarallax-no wpr-parallax-no wpr-sticky-section-no e-con e-parent\" data-id=\"440fd7e\" data-element_type=\"container\">\n\t\t\t\t\t<div class=\"e-con-inner\">\n\t\t<div class=\"elementor-element elementor-element-deda466 e-con-full e-flex wpr-particle-no wpr-jarallax-no wpr-parallax-no wpr-sticky-section-no e-con e-child\" data-id=\"deda466\" data-element_type=\"container\">\n\t\t\t\t<div class=\"elementor-element elementor-element-e98020e elementor-widget elementor-widget-heading\" data-id=\"e98020e\" data-element_type=\"widget\" data-widget_type=\"heading.default\">\n\t\t\t\t<div class=\"elementor-widget-container\">\n\t\t\t\t\t<h2 class=\"elementor-heading-title elementor-size-default\">Rezultatet<\/h2>\t\t\t\t<\/div>\n\t\t\t\t<\/div>\n\t\t\t\t<div class=\"elementor-element elementor-element-10eade4 elementor-widget elementor-widget-text-editor\" data-id=\"10eade4\" data-element_type=\"widget\" data-widget_type=\"text-editor.default\">\n\t\t\t\t<div class=\"elementor-widget-container\">\n\t\t\t\t\t\t\t\t\t<p>Gjenerimi i nj\u00eb platforme t\u00eb centralizuar eskpertize, e cila t\u00eb sh\u00ebrbej\u00eb si burim njohurish rreth profesionist\u00ebve shqiptar\u00eb dhe t\u00eb tuaj t\u00eb jurisprudenc\u00ebs me profil mjedisor, duke leht\u00ebsuar shk\u00ebmbimin e njohurive dhe t\u00eb m\u00ebsuarit e vazhduar. Projekti do t\u00eb ngrej\u00eb edhe nj\u00eb Linj\u00eb t\u00eb Gjelb\u00ebr p\u00ebr Raportimin e Krimeve Mjedisore. Kjo linj\u00eb do t\u00eb jet\u00eb e dedikuar dhe synon t\u00eb fuqizoj\u00eb qytetar\u00ebt t\u00eb raportojn\u00eb drejtp\u00ebrdrejt shkeljet mjedisore, duke ngushtuar hendekun midis nd\u00ebrgjegj\u00ebsimit t\u00eb komunitetit dhe veprimit institucional.<\/p><p>Ambicia p\u00ebrfundimtare \u00ebsht\u00eb krijimi i nj\u00eb rrjeti q\u00eb bashkon shoq\u00ebrin\u00eb civile, mediat investigative dhe agjencit\u00eb e zbatimit t\u00eb ligjit. Duke zhvilluar nj\u00eb model t\u00eb riprodhuar p\u00ebr luftimin e krimeve mjedisore, projekti EJA synon t\u00eb transformoj\u00eb drejt\u00ebsin\u00eb mjedisore nga nj\u00eb koncept abstrakt n\u00eb nj\u00eb realitet konkret dhe t\u00eb zbatuar n\u00eb Shqip\u00ebri. Kjo qasje praktike premton jo vet\u00ebm t\u00eb adresoj\u00eb shkeljet mjedisore, por t\u00eb riform\u00ebsoj\u00eb n\u00eb m\u00ebnyr\u00eb themelore se si kuptohet dhe zbatohet mbrojtja e mjedisit n\u00eb nivel lokal.<\/p>\t\t\t\t\t\t\t\t<\/div>\n\t\t\t\t<\/div>\n\t\t\t\t<\/div>\n\t\t<div class=\"elementor-element elementor-element-c42034c e-con-full e-flex wpr-particle-no wpr-jarallax-no wpr-parallax-no wpr-sticky-section-no e-con e-child\" data-id=\"c42034c\" data-element_type=\"container\">\n\t\t\t\t<div class=\"elementor-element elementor-element-4bcb9c7 elementor-widget elementor-widget-image\" data-id=\"4bcb9c7\" data-element_type=\"widget\" data-widget_type=\"image.default\">\n\t\t\t\t<div class=\"elementor-widget-container\">\n\t\t\t\t\t\t\t\t\t\t\t\t\t\t\t<img decoding=\"async\" width=\"1024\" height=\"768\" src=\"https:\/\/rec.spontan.agency\/wp-content\/uploads\/2024\/09\/EJA_1-1024x768.jpg\" class=\"attachment-large size-large wp-image-7829\" alt=\"\" srcset=\"https:\/\/rec.spontan.agency\/wp-content\/uploads\/2024\/09\/EJA_1-1024x768.jpg 1024w, https:\/\/rec.spontan.agency\/wp-content\/uploads\/2024\/09\/EJA_1-300x225.jpg 300w, https:\/\/rec.spontan.agency\/wp-content\/uploads\/2024\/09\/EJA_1-768x576.jpg 768w, https:\/\/rec.spontan.agency\/wp-content\/uploads\/2024\/09\/EJA_1-1536x1152.jpg 1536w, https:\/\/rec.spontan.agency\/wp-content\/uploads\/2024\/09\/EJA_1.jpg 2048w\" sizes=\"(max-width: 1024px) 100vw, 1024px\" \/>\t\t\t\t\t\t\t\t\t\t\t\t\t\t\t<\/div>\n\t\t\t\t<\/div>\n\t\t\t\t<\/div>\n\t\t\t\t\t<\/div>\n\t\t\t\t<\/div>\n\t\t\t\t\t<\/div>\n\t\t<\/div>\n\t\t\t\t\t<\/div>\n\t\t<\/section>\n\t\t\t\t<\/div>","protected":false},"excerpt":{"rendered":"<p>Project Snapshot The Environmental Justice in Albania (EJA) project is a ground-level initiative to tackle environmental crimes by empowering local institutions and communities. Funded by the European Union through the IPA III Programme, this initiative brings together REC Albania, BlueLink Bulgaria, and BIRN Albania, with strategic support from the OSCE&#8217;s Presence in Albania. The EJA project is designed around a comprehensive two-track strategy that addresses environmental crime through institutional empowerment and community engagement. At its core, the initiative focuses on equipping key stakeholders with the tools and knowledge necessary to effectively combat environmental violations. Law enforcement, prosecutors, and courts will receive practical support to enhance their investigative and legal capacities, enabling them to more effectively identify, document, and prosecute environmental crimes. Approach The project goes beyond traditional approaches by creating direct communication channels between institutions and local communities. This approach aims to break down barriers and foster a collaborative environment where citizens can actively participate in environmental protection. Local stakeholders will be trained to become proactive guardians of environmental justice, learning how to identify and document violations, navigate complex reporting processes, and contribute to building robust legal cases. To support this ambitious vision, the project will generate several critical resources that have been notably absent in Albania&#8217;s environmental justice landscape. The EJA Investigative Corp will serve as a comprehensive database of environmental crime documentation, providing a solid foundation for future investigations. Complementing this, the Cap &amp; Gap Report Series will offer analytical insights into institutional strengths and weaknesses, guiding targeted improvements in environmental law enforcement. Outputs A centralized EJA Expertise Platform will emerge as a knowledge hub for environmental legal professionals, facilitating knowledge sharing and continuous learning. The project will also establish an Environmental Crime Reporting Hotline \u2013 a dedicated green line that empowers citizens to directly report environmental violations, bridging the gap between community awareness and institutional action. The ultimate ambition is to create a collaborative network that brings together civil society, investigative media, and law enforcement agencies. By developing a replicable model for combating environmental crimes, the EJA project aims to transform environmental justice from an abstract concept into a tangible, actionable reality in Albania. This hands-on approach promises to not just address environmental violations, but to fundamentally reshape how environmental protection is understood and implemented at a local level.<\/p>","protected":false},"author":1,"featured_media":0,"parent":0,"menu_order":0,"comment_status":"closed","ping_status":"closed","template":"blank-template.php","meta":{"_acf_changed":false,"give_campaign_id":0,"footnotes":""},"class_list":["post-7825","page","type-page","status-publish","hentry"],"acf":[],"campaignId":"","rttpg_featured_image_url":null,"rttpg_author":{"display_name":"admin","author_link":"https:\/\/rec.spontan.agency\/sq\/author\/admin\/"},"rttpg_comment":0,"rttpg_category":null,"rttpg_excerpt":"Project Snapshot The Environmental Justice in Albania (EJA) project is a ground-level initiative to tackle environmental crimes by empowering local institutions and communities. Funded by the European Union through the IPA III Programme, this initiative brings together REC Albania, BlueLink Bulgaria, and BIRN Albania, with strategic support from the OSCE&#8217;s Presence in Albania. The EJA&hellip;","_links":{"self":[{"href":"https:\/\/rec.spontan.agency\/sq\/wp-json\/wp\/v2\/pages\/7825","targetHints":{"allow":["GET"]}}],"collection":[{"href":"https:\/\/rec.spontan.agency\/sq\/wp-json\/wp\/v2\/pages"}],"about":[{"href":"https:\/\/rec.spontan.agency\/sq\/wp-json\/wp\/v2\/types\/page"}],"author":[{"embeddable":true,"href":"https:\/\/rec.spontan.agency\/sq\/wp-json\/wp\/v2\/users\/1"}],"replies":[{"embeddable":true,"href":"https:\/\/rec.spontan.agency\/sq\/wp-json\/wp\/v2\/comments?post=7825"}],"version-history":[{"count":25,"href":"https:\/\/rec.spontan.agency\/sq\/wp-json\/wp\/v2\/pages\/7825\/revisions"}],"predecessor-version":[{"id":9016,"href":"https:\/\/rec.spontan.agency\/sq\/wp-json\/wp\/v2\/pages\/7825\/revisions\/9016"}],"wp:attachment":[{"href":"https:\/\/rec.spontan.agency\/sq\/wp-json\/wp\/v2\/media?parent=7825"}],"curies":[{"name":"wp","href":"https:\/\/api.w.org\/{rel}","templated":true}]}}