{"id":5896,"date":"2024-07-09T17:55:57","date_gmt":"2024-07-09T17:55:57","guid":{"rendered":"https:\/\/rec.dora.al\/?page_id=5896"},"modified":"2025-03-27T11:23:43","modified_gmt":"2025-03-27T11:23:43","slug":"call-for-tenders","status":"publish","type":"page","link":"https:\/\/rec.spontan.agency\/sq\/call-for-tenders\/","title":{"rendered":"Thirrje p\u00ebr Tender\u00eb"},"content":{"rendered":"<div data-elementor-type=\"wp-page\" data-elementor-id=\"5896\" class=\"elementor elementor-5896\" data-elementor-post-type=\"page\">\n\t\t\t\t\t\t<section class=\"elementor-section elementor-top-section elementor-element elementor-element-7d65cec elementor-section-boxed elementor-section-height-default elementor-section-height-default wpr-particle-no wpr-jarallax-no wpr-parallax-no wpr-sticky-section-no\" data-id=\"7d65cec\" data-element_type=\"section\">\n\t\t\t\t\t\t<div class=\"elementor-container elementor-column-gap-no\">\n\t\t\t\t\t<div class=\"elementor-column elementor-col-100 elementor-top-column elementor-element elementor-element-9b745ab\" data-id=\"9b745ab\" data-element_type=\"column\">\n\t\t\t<div class=\"elementor-widget-wrap elementor-element-populated\">\n\t\t\t\t\t\t<div class=\"elementor-element elementor-element-6c39a71 premium-smart-listing__1 premium-loading-animation__slide-up elementor-widget elementor-widget-premium-smart-post-listing\" data-id=\"6c39a71\" data-element_type=\"widget\" data-settings=\"{&quot;listing_cols&quot;:&quot;1&quot;,&quot;pa_spl_skin&quot;:&quot;skin-1&quot;}\" data-widget_type=\"premium-smart-post-listing.default\">\n\t\t\t\t<div class=\"elementor-widget-container\">\n\t\t\t\t\t\t\t\t<div class=\"premium-smart-listing__wrapper premium-slide-up\" data-page=\"5896\">\r\n\t\t\t\t<div class=\"premium-smart-listing__header-wrapper\">\r\n\t\t\t\t\t\t\t\t\t\t<div class=\"premium-smart-listing__navigation-outer-container\">\r\n\t\t\t\t\t\t\t\t\t\t\t\t\t\t\t\t\t<\/div>\r\n\t\t\t\t<\/div>\r\n\t\t\t\t<div class=\"premium-smart-listing__posts-outer-wrapper premium-smart-listing__skin-1\">\r\n\t\t\t\t\t\t\t\t\t\t\t\t<div class=\"premium-smart-listing__posts-wrapper\">\n\t\t\t\t\t\t\t\t\t\t<div class=\"premium-smart-listing__post-wrapper premium-smart-listing__grid-item\" data-total=\"1\">\n\t\t\t\t\t\t\t\t\t<div class=\"premium-smart-listing__post-content-wrapper\">\n\t\t\t\t\t\t\t\t\t\t\t\t<div class=\"premium-smart-listing__post-title-wrapper\"> \t\t<h4 class=\"premium-smart-listing__post-title\">\n\t\t\t<a href=\"https:\/\/rec.spontan.agency\/sq\/2025\/03\/18\/thirrje-per-sherbime-editimi-dhe-montimi-videoje\/\" target=\"_self\">\n\t\t\t\tThirrje p\u00ebr Sh\u00ebrbime Editimi dhe Montimi Videoje\t\t\t<\/a>\n\t\t<\/h4>\n\t\t  <\/div>\n\t\t\t\t\t\t<div class=\"premium-smart-listing__post-meta-container\"> \t\t\t\n\t\t\t\n\t\t\t\n\t\t\t\t\t <\/div>\n\t\t\t\t\t\t\t\t<div class=\"premium-smart-listing__post-content-inner premium-addons-element\">\n\t\t<p class=\"premium-smart-listing__post-content\">Qendra Burimore e Mjedisit (REC) n\u00eb Shqip\u00ebri shpall thirrjen p\u00ebr aplikime p\u00ebr sh\u00ebrbime fotografimi dhe filmimi n\u00eb kuad\u00ebr t\u00eb projektit \u201cThe Triad of Arbanon\u2019s Heritage,\u201d financuar nga programi EU4Culture. K\u00ebrkojm\u00eb nj\u00eb ofrues sh\u00ebrbimi p\u00ebr t\u00eb p\u00ebrpunuar dhe edituar materialet bruto t\u00eb fotografimit dhe filmimit p\u00ebr t\u00eb prodhuar video promovuese dhe dokumentuese t\u00eb projektit. Sh\u00ebrbimet e k\u00ebrkuara p\u00ebrfshijn\u00eb: Tre video nj\u00eb-minut\u00ebshe (1 min) p\u00ebr secilin prej tre objekteve t\u00eb trash\u00ebgimis\u00eb kulturore: Kisha e Shna \u2018Ndout n\u00eb Kepin e Rodonit, Ura e Kur\u00e7ajt n\u00eb Kruj\u00eb dhe Kisha Manastir e Rubikut. Nj\u00eb video p\u00ebrmbledh\u00ebse q\u00eb pasqyron aktivitetet dhe rezultatet e projektit, duke p\u00ebrfshir\u00eb \u2026<\/p>\t\t<\/div>\n\t\t\t\t\t\t\t<\/div>\n\t\t\t<\/div>\n\n\t\t\t\t\t<div class=\"premium-smart-listing__post-wrapper premium-smart-listing__grid-item\" data-total=\"1\">\n\t\t\t\t\t\t\t\t\t<div class=\"premium-smart-listing__post-content-wrapper\">\n\t\t\t\t\t\t\t\t\t\t\t\t<div class=\"premium-smart-listing__post-title-wrapper\"> \t\t<h4 class=\"premium-smart-listing__post-title\">\n\t\t\t<a href=\"https:\/\/rec.spontan.agency\/sq\/2025\/03\/18\/thirrje-per-sherbime-fotografimi-dhe-filmimi\/\" target=\"_self\">\n\t\t\t\tClosed: Thirrje p\u00ebr Sh\u00ebrbime Fotografimi dhe Filmimi\t\t\t<\/a>\n\t\t<\/h4>\n\t\t  <\/div>\n\t\t\t\t\t\t<div class=\"premium-smart-listing__post-meta-container\"> \t\t\t\n\t\t\t\n\t\t\t\n\t\t\t\t\t <\/div>\n\t\t\t\t\t\t\t\t<div class=\"premium-smart-listing__post-content-inner premium-addons-element\">\n\t\t<p class=\"premium-smart-listing__post-content\">Qendra Burimore e Mjedisit (REC) n\u00eb Shqip\u00ebri shpall thirrjen p\u00ebr aplikime p\u00ebr sh\u00ebrbime fotografimi dhe filmimi n\u00eb kuad\u00ebr t\u00eb projektit \u201cThe Triad of Arbanon\u2019s Heritage,\u201d financuar nga programi EU4Culture. K\u00ebrkojm\u00eb nj\u00eb ofrues sh\u00ebrbimi p\u00ebr t\u00eb siguruar materiale fotografike dhe filmike t\u00eb objekteve t\u00eb m\u00ebposhtme t\u00eb trash\u00ebgimis\u00eb kulturore: Kepi i Rodonit (Kisha e Shna Ndout dhe mjediset p\u00ebrreth) Ura e Kur\u00e7ajt Kisha Manastir e Rubikut Materialet do t\u00eb p\u00ebrdoren p\u00ebr dokumentimin dhe promovimin e k\u00ebtyre objekteve. Kriteret kryesore p\u00ebrfshijn\u00eb: Eksperienc\u00eb minimumi 3 vjet n\u00eb projekte t\u00eb ngjashme Portofol pun\u00ebsh t\u00eb m\u00ebparshme Disponueshm\u00ebri t\u00eb pajisjeve profesionale (kamera DSLR\/mirrorless, drone, stabilizues) dhe p\u00ebrputhje \u2026<\/p>\t\t<\/div>\n\t\t\t\t\t\t\t<\/div>\n\t\t\t<\/div>\n\n\t\t\t\t\t<div class=\"premium-smart-listing__post-wrapper premium-smart-listing__grid-item\" data-total=\"1\">\n\t\t\t\t\t\t\t\t\t<div class=\"premium-smart-listing__post-content-wrapper\">\n\t\t\t\t\t\t\t\t\t\t\t\t<div class=\"premium-smart-listing__post-title-wrapper\"> \t\t<h4 class=\"premium-smart-listing__post-title\">\n\t\t\t<a href=\"https:\/\/rec.spontan.agency\/sq\/2024\/10\/03\/tender-for-the-development-of-the-eja-online-platform\/\" target=\"_self\">\n\t\t\t\tClosed: Tender for the development of the EJA Online Platform\t\t\t<\/a>\n\t\t<\/h4>\n\t\t  <\/div>\n\t\t\t\t\t\t<div class=\"premium-smart-listing__post-meta-container\"> \t\t\t\n\t\t\t\n\t\t\t\n\t\t\t\t\t <\/div>\n\t\t\t\t\t\t\t\t<div class=\"premium-smart-listing__post-content-inner premium-addons-element\">\n\t\t<p class=\"premium-smart-listing__post-content\">The Resource Environmental Center, Albania (REC Albania) is seeking proposals for the development of an online platform for the &#8220;EJA: Environmental Justice in Albania&#8221; project. This opportunity is part of a broader initiative to enhance access to environmental justice in Albania. Project Overview The EJA project aims to enhance access to environmental justice in Albania by improving legal and judicial capacities and increasing public participation. One of the project\u2019s key objectives is to conduct a comprehensive diagnostic assessment titled \u201cCap and Gap Series: The Green Justice and Grey Crime in Albania\u201d, examining the justice trajectory concerning environmental abuse through the \u2026<\/p>\t\t<\/div>\n\t\t\t\t\t\t\t<\/div>\n\t\t\t<\/div>\n\n\t\t\n\t\t\t\t\t\t\t\t\t<\/div>\n\t\t\t\t\n\t\t\t\t\t\t\t\t<\/div>\r\n\t\t\t\t\r\n\t\t\t\t\t\t\t<\/div>\r\n\t\t\t\t\t\t<\/div>\n\t\t\t\t<\/div>\n\t\t\t\t\t<\/div>\n\t\t<\/div>\n\t\t\t\t\t<\/div>\n\t\t<\/section>\n\t\t\t\t<\/div>","protected":false},"excerpt":{"rendered":"<p>Thirrje p\u00ebr Sh\u00ebrbime Editimi dhe Montimi Videoje Qendra Burimore e Mjedisit (REC) n\u00eb Shqip\u00ebri shpall thirrjen p\u00ebr aplikime p\u00ebr sh\u00ebrbime fotografimi dhe filmimi n\u00eb kuad\u00ebr t\u00eb projektit \u201cThe Triad of Arbanon\u2019s Heritage,\u201d financuar nga programi EU4Culture. K\u00ebrkojm\u00eb nj\u00eb ofrues sh\u00ebrbimi p\u00ebr t\u00eb p\u00ebrpunuar dhe edituar materialet bruto t\u00eb fotografimit dhe filmimit p\u00ebr t\u00eb prodhuar video promovuese dhe dokumentuese t\u00eb projektit. Sh\u00ebrbimet e k\u00ebrkuara p\u00ebrfshijn\u00eb: Tre video nj\u00eb-minut\u00ebshe (1 min) p\u00ebr secilin prej tre objekteve t\u00eb trash\u00ebgimis\u00eb kulturore: Kisha e Shna \u2018Ndout n\u00eb Kepin e Rodonit, Ura e Kur\u00e7ajt n\u00eb Kruj\u00eb dhe Kisha Manastir e Rubikut. Nj\u00eb video p\u00ebrmbledh\u00ebse q\u00eb pasqyron aktivitetet dhe rezultatet e projektit, duke p\u00ebrfshir\u00eb Thirrje p\u00ebr Sh\u00ebrbime Fotografimi dhe Filmimi Qendra Burimore e Mjedisit (REC) n\u00eb Shqip\u00ebri shpall thirrjen p\u00ebr aplikime p\u00ebr sh\u00ebrbime fotografimi dhe filmimi n\u00eb kuad\u00ebr t\u00eb projektit \u201cThe Triad of Arbanon\u2019s Heritage,\u201d financuar nga programi EU4Culture. K\u00ebrkojm\u00eb nj\u00eb ofrues sh\u00ebrbimi p\u00ebr t\u00eb siguruar materiale fotografike dhe filmike t\u00eb objekteve t\u00eb m\u00ebposhtme t\u00eb trash\u00ebgimis\u00eb kulturore: Kepi i Rodonit (Kisha e Shna Ndout dhe mjediset p\u00ebrreth) Ura e Kur\u00e7ajt Kisha Manastir e Rubikut Materialet do t\u00eb p\u00ebrdoren p\u00ebr dokumentimin dhe promovimin e k\u00ebtyre objekteve. Kriteret kryesore p\u00ebrfshijn\u00eb: Eksperienc\u00eb minimumi 3 vjet n\u00eb projekte t\u00eb ngjashme Portofol pun\u00ebsh t\u00eb m\u00ebparshme Disponueshm\u00ebri t\u00eb pajisjeve profesionale (kamera DSLR\/mirrorless, drone, stabilizues) dhe p\u00ebrputhje Closed: Tender for the development of the EJA Online Platform The Resource Environmental Center, Albania (REC Albania) is seeking proposals for the development of an online platform for the &#8220;EJA: Environmental Justice in Albania&#8221; project. This opportunity is part of a broader initiative to enhance access to environmental justice in Albania. Project Overview The EJA project aims to enhance access to environmental justice in Albania by improving legal and judicial capacities and increasing public participation. One of the project\u2019s key objectives is to conduct a comprehensive diagnostic assessment titled \u201cCap and Gap Series: The Green Justice and Grey Crime in Albania\u201d, examining the justice trajectory concerning environmental abuse through the<\/p>","protected":false},"author":1,"featured_media":0,"parent":0,"menu_order":0,"comment_status":"closed","ping_status":"closed","template":"","meta":{"_acf_changed":false,"give_campaign_id":0,"footnotes":""},"class_list":["post-5896","page","type-page","status-publish","hentry"],"acf":[],"campaignId":"","rttpg_featured_image_url":null,"rttpg_author":{"display_name":"admin","author_link":"https:\/\/rec.spontan.agency\/sq\/author\/admin\/"},"rttpg_comment":0,"rttpg_category":"","rttpg_excerpt":"Thirrje p\u00ebr Sh\u00ebrbime Editimi dhe Montimi Videoje Qendra Burimore e Mjedisit (REC) n\u00eb Shqip\u00ebri shpall thirrjen p\u00ebr aplikime p\u00ebr sh\u00ebrbime fotografimi dhe filmimi n\u00eb kuad\u00ebr t\u00eb projektit \u201cThe Triad of Arbanon\u2019s Heritage,\u201d financuar nga programi EU4Culture. K\u00ebrkojm\u00eb nj\u00eb ofrues sh\u00ebrbimi p\u00ebr t\u00eb p\u00ebrpunuar dhe edituar materialet bruto t\u00eb fotografimit dhe filmimit p\u00ebr t\u00eb prodhuar video&hellip;","_links":{"self":[{"href":"https:\/\/rec.spontan.agency\/sq\/wp-json\/wp\/v2\/pages\/5896","targetHints":{"allow":["GET"]}}],"collection":[{"href":"https:\/\/rec.spontan.agency\/sq\/wp-json\/wp\/v2\/pages"}],"about":[{"href":"https:\/\/rec.spontan.agency\/sq\/wp-json\/wp\/v2\/types\/page"}],"author":[{"embeddable":true,"href":"https:\/\/rec.spontan.agency\/sq\/wp-json\/wp\/v2\/users\/1"}],"replies":[{"embeddable":true,"href":"https:\/\/rec.spontan.agency\/sq\/wp-json\/wp\/v2\/comments?post=5896"}],"version-history":[{"count":15,"href":"https:\/\/rec.spontan.agency\/sq\/wp-json\/wp\/v2\/pages\/5896\/revisions"}],"predecessor-version":[{"id":9043,"href":"https:\/\/rec.spontan.agency\/sq\/wp-json\/wp\/v2\/pages\/5896\/revisions\/9043"}],"wp:attachment":[{"href":"https:\/\/rec.spontan.agency\/sq\/wp-json\/wp\/v2\/media?parent=5896"}],"curies":[{"name":"wp","href":"https:\/\/api.w.org\/{rel}","templated":true}]}}