{"id":5848,"date":"2024-07-09T16:53:20","date_gmt":"2024-07-09T16:53:20","guid":{"rendered":"https:\/\/rec.dora.al\/?page_id=5848"},"modified":"2025-03-27T11:24:14","modified_gmt":"2025-03-27T11:24:14","slug":"call-for-experts","status":"publish","type":"page","link":"https:\/\/rec.spontan.agency\/sq\/call-for-experts\/","title":{"rendered":"Thirrje p\u00ebr Ekspert\u00eb"},"content":{"rendered":"<div data-elementor-type=\"wp-page\" data-elementor-id=\"5848\" class=\"elementor elementor-5848\" data-elementor-post-type=\"page\">\n\t\t\t\t<div class=\"elementor-element elementor-element-db1d901 e-flex e-con-boxed wpr-particle-no wpr-jarallax-no wpr-parallax-no wpr-sticky-section-no e-con e-parent\" data-id=\"db1d901\" data-element_type=\"container\">\n\t\t\t\t\t<div class=\"e-con-inner\">\n\t\t\t\t<div class=\"elementor-element elementor-element-9e0e493 premium-smart-listing__1 premium-loading-animation__slide-up elementor-widget elementor-widget-premium-smart-post-listing\" data-id=\"9e0e493\" data-element_type=\"widget\" data-settings=\"{&quot;listing_cols&quot;:&quot;1&quot;,&quot;premium_blog_paging&quot;:&quot;yes&quot;,&quot;pa_spl_skin&quot;:&quot;skin-1&quot;,&quot;scroll_to_offset&quot;:&quot;yes&quot;,&quot;pagination_type&quot;:&quot;num&quot;}\" data-widget_type=\"premium-smart-post-listing.default\">\n\t\t\t\t<div class=\"elementor-widget-container\">\n\t\t\t\t\t\t\t\t<div class=\"premium-smart-listing__wrapper premium-slide-up\" data-page=\"5848\">\r\n\t\t\t\t<div class=\"premium-smart-listing__header-wrapper\">\r\n\t\t\t\t\t\t\t\t\t\t<div class=\"premium-smart-listing__navigation-outer-container\">\r\n\t\t\t\t\t\t\t\t\t\t\t\t\t\t\t\t\t<\/div>\r\n\t\t\t\t<\/div>\r\n\t\t\t\t<div class=\"premium-smart-listing__posts-outer-wrapper premium-smart-listing__skin-1\">\r\n\t\t\t\t\t\t\t\t\t\t\t\t<div class=\"premium-smart-listing__posts-wrapper\">\n\t\t\t\t\t\t\t\t\t\t<div class=\"premium-smart-listing__post-wrapper premium-smart-listing__grid-item\" data-total=\"2\">\n\t\t\t\t\t\t\t\t\t<div class=\"premium-smart-listing__post-content-wrapper\">\n\t\t\t\t\t\t\t\t\t\t\t\t<div class=\"premium-smart-listing__post-title-wrapper\"> \t\t<h4 class=\"premium-smart-listing__post-title\">\n\t\t\t<a href=\"https:\/\/rec.spontan.agency\/sq\/2025\/03\/17\/thirrje-per-ekspert-drejtues-i-ekipit-per-koordinimin-e-raportit-green-justice-and-grey-crime-in-albania\/\" target=\"_self\">\n\t\t\t\tClosed: Thirrje p\u00ebr Ekspert: Drejtues i Ekipit p\u00ebr Koordinimin e Raportit &#8220;Green Justice and Grey Crime in Albania&#8221;\t\t\t<\/a>\n\t\t<\/h4>\n\t\t  <\/div>\n\t\t\t\t\t\t<div class=\"premium-smart-listing__post-meta-container\"> \t\t\t\n\t\t\t\t\t\t\t<span class=\"premium-smart-listing__meta-separator\">\u22c5<\/span>\n\t\t\t\t<div class=\"premium-smart-listing__post-time premium-smart-listing__post-meta\">\n\t\t\t\t\t<i class=\"fa fa-clock-o\" aria-hidden=\"true\"><\/i>\n\t\t\t\t\t<span>17 Mars, 2025<\/span>\n\t\t\t\t<\/div>\n\t\t\t\n\t\t\t\n\t\t\t\t\t <\/div>\n\t\t\t\t\t\t\t\t<div class=\"premium-smart-listing__post-content-inner premium-addons-element\">\n\t\t<p class=\"premium-smart-listing__post-content\">REC Shqip\u00ebri, n\u00eb kuad\u00ebr t\u00eb projektit &#8220;EJA: Environmental Justice in Albania&#8221; financuar nga Bashkimi Evropian, k\u00ebrkon t\u00eb kontraktoj\u00eb nj\u00eb ekspert p\u00ebr pozicionin &#8220;Drejtues Ekipi&#8221; q\u00eb do t\u00eb koordinoj\u00eb pun\u00ebn e grupeve q\u00eb do t\u00eb zhvillojn\u00eb kapitujt e raportit &#8220;Cap and Gap: Grey Crime and Green Justice in Albania&#8221; dhe do t\u00eb konsolidoj\u00eb materialin n\u00eb nj\u00eb raport p\u00ebrfundimtar. Raporti do t\u00eb analizoj\u00eb pun\u00ebn e strukturave ligj-zbatuese dhe atyre t\u00eb drejt\u00ebsis\u00eb n\u00eb trajtimin e kund\u00ebrvajtjeve mjedisore n\u00eb qarqet Tiran\u00eb, Elbasan dhe Kor\u00e7\u00eb, duke identifikuar hendeqet dhe duke ofruar rekomandime konkrete p\u00ebr p\u00ebrmir\u00ebsim. Raporti do t\u00eb p\u00ebrb\u00ebhet nga kapituj t\u00eb ve\u00e7ant\u00eb q\u00eb analizojn\u00eb: \u2026<\/p>\t\t<\/div>\n\t\t\t\t\t\t\t<\/div>\n\t\t\t<\/div>\n\n\t\t\t\t\t<div class=\"premium-smart-listing__post-wrapper premium-smart-listing__grid-item\" data-total=\"2\">\n\t\t\t\t\t\t\t\t\t<div class=\"premium-smart-listing__post-content-wrapper\">\n\t\t\t\t\t\t\t\t\t\t\t\t<div class=\"premium-smart-listing__post-title-wrapper\"> \t\t<h4 class=\"premium-smart-listing__post-title\">\n\t\t\t<a href=\"https:\/\/rec.spontan.agency\/sq\/2025\/03\/17\/thirrje-per-ekspert-per-realizimin-e-kerkimeve-ne-sektorin-publik-per-shqyrtimin-e-kundervajtjeve-te-natyres-administrative-me-karakter-mjedisor\/\" target=\"_self\">\n\t\t\t\tClosed: Thirrje p\u00ebr Ekspert: P\u00ebr realizimin e k\u00ebrkimeve n\u00eb sektorin publik, \u201cp\u00ebr shqyrtimin e kund\u00ebrvajtjeve t\u00eb natyr\u00ebs administrative me karakter mjedisor\u201d\t\t\t<\/a>\n\t\t<\/h4>\n\t\t  <\/div>\n\t\t\t\t\t\t<div class=\"premium-smart-listing__post-meta-container\"> \t\t\t\n\t\t\t\t\t\t\t<span class=\"premium-smart-listing__meta-separator\">\u22c5<\/span>\n\t\t\t\t<div class=\"premium-smart-listing__post-time premium-smart-listing__post-meta\">\n\t\t\t\t\t<i class=\"fa fa-clock-o\" aria-hidden=\"true\"><\/i>\n\t\t\t\t\t<span>17 Mars, 2025<\/span>\n\t\t\t\t<\/div>\n\t\t\t\n\t\t\t\n\t\t\t\t\t <\/div>\n\t\t\t\t\t\t\t\t<div class=\"premium-smart-listing__post-content-inner premium-addons-element\">\n\t\t<p class=\"premium-smart-listing__post-content\">REC Shqip\u00ebri, n\u00eb kuad\u00ebr t\u00eb projektit &#8220;EJA: Environmental Justice in Albania&#8221; shpall thirrjen p\u00ebr ekspert\/grup ekspert\u00ebsh p\u00ebr realizimin e k\u00ebrkimeve n\u00eb sektorin publik p\u00ebr shqyrtimin e kund\u00ebrvajtjeve t\u00eb natyr\u00ebs administrative me karakter mjedisor. Ky studim do t\u00eb jet\u00eb pjes\u00eb e nj\u00eb raporti gjith\u00ebp\u00ebrfshir\u00ebs diagnostik t\u00eb titulluar &#8220;Green Justice and Grey Crime in Albania&#8221;, i cili synon t\u00eb identifikoj\u00eb dhe analizoj\u00eb situat\u00ebn aktuale t\u00eb drejt\u00ebsis\u00eb mjedisore n\u00eb Shqip\u00ebri. Kjo analiz\u00eb do t\u00eb fokusohet n\u00eb identifikimin e organeve ekzekutive q\u00eb kan\u00eb p\u00ebrgjegj\u00ebsi n\u00eb vendosjen e masave administrative p\u00ebr shkeljet mjedisore, vler\u00ebsimin e legjislacionit n\u00eb fuqi, analizimin e zbatimit t\u00eb k\u00ebtyre masave, si \u2026<\/p>\t\t<\/div>\n\t\t\t\t\t\t\t<\/div>\n\t\t\t<\/div>\n\n\t\t\t\t\t<div class=\"premium-smart-listing__post-wrapper premium-smart-listing__grid-item\" data-total=\"2\">\n\t\t\t\t\t\t\t\t\t<div class=\"premium-smart-listing__post-content-wrapper\">\n\t\t\t\t\t\t\t\t\t\t\t\t<div class=\"premium-smart-listing__post-title-wrapper\"> \t\t<h4 class=\"premium-smart-listing__post-title\">\n\t\t\t<a href=\"https:\/\/rec.spontan.agency\/sq\/2025\/01\/29\/thirrje-per-ekspert-ose-grup-ekspertesh-vendas-per-monitorimin-e-mediave-mbi-raportimin-e-ceshtjeve-mjedisore-ne-shqiperi\/\" target=\"_self\">\n\t\t\t\tThirrje p\u00ebr Ekspert ose Grup Ekspert\u00ebsh Vendas p\u00ebr Monitorimin e Mediave mbi Raportimin e \u00c7\u00ebshtjeve Mjedisore n\u00eb Shqip\u00ebri\t\t\t<\/a>\n\t\t<\/h4>\n\t\t  <\/div>\n\t\t\t\t\t\t<div class=\"premium-smart-listing__post-meta-container\"> \t\t\t\n\t\t\t\t\t\t\t<span class=\"premium-smart-listing__meta-separator\">\u22c5<\/span>\n\t\t\t\t<div class=\"premium-smart-listing__post-time premium-smart-listing__post-meta\">\n\t\t\t\t\t<i class=\"fa fa-clock-o\" aria-hidden=\"true\"><\/i>\n\t\t\t\t\t<span>29 Janar, 2025<\/span>\n\t\t\t\t<\/div>\n\t\t\t\n\t\t\t\n\t\t\t\t\t <\/div>\n\t\t\t\t\t\t\t\t<div class=\"premium-smart-listing__post-content-inner premium-addons-element\">\n\t\t<p class=\"premium-smart-listing__post-content\">REC Shqip\u00ebri dhe BIRN Albania, n\u00eb bashk\u00ebpunim me partner\u00ebt zbatues t\u00eb projektit \u201cEnvironmental Justice Albania: EJA,\u201d shpall tender p\u00ebr ekspert ose grup ekspert\u00ebsh vendas p\u00ebr monitorimin e mediave mbi raportimin p\u00ebr \u00e7\u00ebshtjet mjedisore n\u00eb Shqip\u00ebri. Objekti i pun\u00ebs dhe produktet specifike p\u00ebr k\u00ebt\u00eb detyr\u00eb N\u00eb kuadrin e Rezultatit 1: Koalicioni i forcuar dhe m\u00eb efektiv media-OSHC n\u00eb forcimin e drejt\u00ebsis\u00eb mjedisore n\u00eb Shqip\u00ebri, BIRN Albania po k\u00ebrkon t\u00eb kontraktoj\u00eb nj\u00eb grup ekspert\u00ebsh vendas p\u00ebr t\u00eb monitoruar raportimin e mediave mbi komponent\u00ebt mjedisor\u00eb n\u00eb Shqip\u00ebri, si ajri, uji, toka, pylltaria, mbetjet, biodiversiteti, natyra etj. Ekspert\u00ebt e p\u00ebrfshir\u00eb p\u00ebr k\u00ebt\u00eb detyr\u00eb duhet \u2026<\/p>\t\t<\/div>\n\t\t\t\t\t\t\t<\/div>\n\t\t\t<\/div>\n\n\t\t\t\t\t<div class=\"premium-smart-listing__post-wrapper premium-smart-listing__grid-item\" data-total=\"2\">\n\t\t\t\t\t\t\t\t\t<div class=\"premium-smart-listing__post-content-wrapper\">\n\t\t\t\t\t\t\t\t\t\t\t\t<div class=\"premium-smart-listing__post-title-wrapper\"> \t\t<h4 class=\"premium-smart-listing__post-title\">\n\t\t\t<a href=\"https:\/\/rec.spontan.agency\/sq\/2024\/12\/13\/call-for-cultural-heritage-expertise\/\" target=\"_self\">\n\t\t\t\tClosed: Call for Cultural Heritage Expertise\t\t\t<\/a>\n\t\t<\/h4>\n\t\t  <\/div>\n\t\t\t\t\t\t<div class=\"premium-smart-listing__post-meta-container\"> \t\t\t\n\t\t\t\t\t\t\t<span class=\"premium-smart-listing__meta-separator\">\u22c5<\/span>\n\t\t\t\t<div class=\"premium-smart-listing__post-time premium-smart-listing__post-meta\">\n\t\t\t\t\t<i class=\"fa fa-clock-o\" aria-hidden=\"true\"><\/i>\n\t\t\t\t\t<span>13 Dhjetor, 2024<\/span>\n\t\t\t\t<\/div>\n\t\t\t\n\t\t\t\n\t\t\t\t\t <\/div>\n\t\t\t\t\t\t\t\t<div class=\"premium-smart-listing__post-content-inner premium-addons-element\">\n\t\t<p class=\"premium-smart-listing__post-content\">Project Background In the context of the project titled \u201cThe Triad of Arbanon\u2019s Heritage\u201d, Ref. No. ALB\/EC\/22644\/CFP 05-2024 funded by EU4Culture\u2019s program titled \u201cRecraft the Past, Build up the Future III\u201d, and implemented by UNOPS\u2019s Presence in Albania, REC Albania is seeking to recruit a qualified Cultural Experts to contribute to an innovative project documenting and promoting lesser-known cultural heritage sites in Albania. The project aims to create a comprehensive journey compendium highlighting the interconnection between cultural and natural heritage at three significant sites: Monastery Church in Rubik, Kur\u00e7aj Bridge in Kruj\u00eb, and St. Anthony&#8217;s Church in Cape Rodon. Position \u2026<\/p>\t\t<\/div>\n\t\t\t\t\t\t\t<\/div>\n\t\t\t<\/div>\n\n\t\t\t\t\t<div class=\"premium-smart-listing__post-wrapper premium-smart-listing__grid-item\" data-total=\"2\">\n\t\t\t\t\t\t\t\t\t<div class=\"premium-smart-listing__post-content-wrapper\">\n\t\t\t\t\t\t\t\t\t\t\t\t<div class=\"premium-smart-listing__post-title-wrapper\"> \t\t<h4 class=\"premium-smart-listing__post-title\">\n\t\t\t<a href=\"https:\/\/rec.spontan.agency\/sq\/2024\/11\/07\/thirrje-per-grup-ekspertesh-per-hartimin-e-raportit-diagnostik-mbi-rolin-qe-ushtron-insititucioni-i-policise-ne-mbojtjen-e-te-drejtave-mjedisore-ne-shqiperi\/\" target=\"_self\">\n\t\t\t\tClosed: Thirrje p\u00ebr individ apo grup ekspert\u00ebsh \u201cP\u00ebr hartimin e Raportit Diagnostik mbi rolin q\u00eb ushtron insititucioni i policis\u00eb n\u00eb mbojtjen e t\u00eb drejtave mjedisore n\u00eb Shqip\u00ebri\u201d\t\t\t<\/a>\n\t\t<\/h4>\n\t\t  <\/div>\n\t\t\t\t\t\t<div class=\"premium-smart-listing__post-meta-container\"> \t\t\t\n\t\t\t\t\t\t\t<span class=\"premium-smart-listing__meta-separator\">\u22c5<\/span>\n\t\t\t\t<div class=\"premium-smart-listing__post-time premium-smart-listing__post-meta\">\n\t\t\t\t\t<i class=\"fa fa-clock-o\" aria-hidden=\"true\"><\/i>\n\t\t\t\t\t<span>7 N\u00ebntor, 2024<\/span>\n\t\t\t\t<\/div>\n\t\t\t\n\t\t\t\n\t\t\t\t\t <\/div>\n\t\t\t\t\t\t\t\t<div class=\"premium-smart-listing__post-content-inner premium-addons-element\">\n\t\t<p class=\"premium-smart-listing__post-content\">REC Shqip\u00ebri, n\u00eb bashk\u00ebpunim me partner\u00ebt zbatues t\u00eb projektit \u201cEnvironmental Justice Albania: EJA,\u201d shpall thirrjen p\u00ebr individ apo grup ekspert\u00ebsh q\u00eb do t\u00eb angazhohen n\u00eb procesin e hartimit t\u00eb nj\u00eb raporti diagnostik lidhur me aksionin policor rreth siguris\u00eb mjedisore n\u00eb Shqip\u00ebri. Raporti do t\u00eb jet\u00eb pjes\u00eb e nj\u00eb pakete gjith\u00ebp\u00ebrfshir\u00ebse, e cila do t\u00eb p\u00ebrb\u00ebhet nga kat\u00ebr kapituj q\u00eb analizojn\u00eb rolin e institucioneve ky\u00e7e n\u00eb trajtimin e abuzimeve mjedisore: Policia, Prokuroria, Gjykatat dhe Media. Kjo paket\u00eb synon t\u00eb ofroj\u00eb nj\u00eb pasqyr\u00eb t\u00eb plot\u00eb mbi sfidat dhe mund\u00ebsit\u00eb p\u00ebr p\u00ebrmir\u00ebsimin e zbatimit t\u00eb t\u00eb drejtave mjedisore. Raporti mbi policin\u00eb do t\u00eb \u2026<\/p>\t\t<\/div>\n\t\t\t\t\t\t\t<\/div>\n\t\t\t<\/div>\n\n\t\t\n\t\t\t\t\t\t\t\t\t<\/div>\n\t\t\t\t\n\t\t\t\t\t\t\t\t<\/div>\r\n\t\t\t\t\t\t\t\t\t\t<div class=\"premium-smart-listing__footer\">\r\n\t\t\t\t\t\t\t\t\t\t<nav class=\"premium-smart-listing__pagination-container\" role=\"navigation\" aria-label=\"Pagination\">\n\t\t\t\t<span aria-current=\"page\" class=\"page-numbers current\">1<\/span>\n<a class=\"page-numbers\" href=\"https:\/\/rec.spontan.agency\/sq\/wp-json\/wp\/v2\/pages\/5848\/page\/2\/\">2<\/a>\n<a class=\"next page-numbers\" href=\"https:\/\/rec.spontan.agency\/sq\/wp-json\/wp\/v2\/pages\/5848\/page\/2\/\">Next \u00bb<\/a>\t\t\t<\/nav>\n\t\t\t\t\t\t\t\t\t<\/div>\r\n\t\t\t\t\t\t\r\n\t\t\t\t\t\t\t<\/div>\r\n\t\t\t\t\t\t<\/div>\n\t\t\t\t<\/div>\n\t\t\t\t\t<\/div>\n\t\t\t\t<\/div>\n\t\t\t\t<\/div>","protected":false},"excerpt":{"rendered":"<p>Thirrje p\u00ebr Ekspert: Drejtues i Ekipit p\u00ebr Koordinimin e Raportit &#8220;Green Justice and Grey Crime in Albania&#8221; \u22c5 March 17, 2025 REC Shqip\u00ebri, n\u00eb kuad\u00ebr t\u00eb projektit &#8220;EJA: Environmental Justice in Albania&#8221; financuar nga Bashkimi Evropian, k\u00ebrkon t\u00eb kontraktoj\u00eb nj\u00eb ekspert p\u00ebr pozicionin &#8220;Drejtues Ekipi&#8221; q\u00eb do t\u00eb koordinoj\u00eb pun\u00ebn e grupeve q\u00eb do t\u00eb zhvillojn\u00eb kapitujt e raportit &#8220;Cap and Gap: Grey Crime and Green Justice in Albania&#8221; dhe do t\u00eb konsolidoj\u00eb materialin n\u00eb nj\u00eb raport p\u00ebrfundimtar. Raporti do t\u00eb analizoj\u00eb pun\u00ebn e strukturave ligj-zbatuese dhe atyre t\u00eb drejt\u00ebsis\u00eb n\u00eb trajtimin e kund\u00ebrvajtjeve mjedisore n\u00eb qarqet Tiran\u00eb, Elbasan dhe Kor\u00e7\u00eb, duke identifikuar hendeqet dhe duke ofruar rekomandime konkrete p\u00ebr p\u00ebrmir\u00ebsim. Raporti do t\u00eb p\u00ebrb\u00ebhet nga kapituj t\u00eb ve\u00e7ant\u00eb q\u00eb analizojn\u00eb: Thirrje p\u00ebr Ekspert: P\u00ebr realizimin e k\u00ebrkimeve n\u00eb sektorin publik, \u201cp\u00ebr shqyrtimin e kund\u00ebrvajtjeve t\u00eb natyr\u00ebs administrative me karakter mjedisor\u201d \u22c5 March 17, 2025 REC Shqip\u00ebri, n\u00eb kuad\u00ebr t\u00eb projektit &#8220;EJA: Environmental Justice in Albania&#8221; shpall thirrjen p\u00ebr ekspert\/grup ekspert\u00ebsh p\u00ebr realizimin e k\u00ebrkimeve n\u00eb sektorin publik p\u00ebr shqyrtimin e kund\u00ebrvajtjeve t\u00eb natyr\u00ebs administrative me karakter mjedisor. Ky studim do t\u00eb jet\u00eb pjes\u00eb e nj\u00eb raporti gjith\u00ebp\u00ebrfshir\u00ebs diagnostik t\u00eb titulluar &#8220;Green Justice and Grey Crime in Albania&#8221;, i cili synon t\u00eb identifikoj\u00eb dhe analizoj\u00eb situat\u00ebn aktuale t\u00eb drejt\u00ebsis\u00eb mjedisore n\u00eb Shqip\u00ebri. Kjo analiz\u00eb do t\u00eb fokusohet n\u00eb identifikimin e organeve ekzekutive q\u00eb kan\u00eb p\u00ebrgjegj\u00ebsi n\u00eb vendosjen e masave administrative p\u00ebr shkeljet mjedisore, vler\u00ebsimin e legjislacionit n\u00eb fuqi, analizimin e zbatimit t\u00eb k\u00ebtyre masave, si Thirrje p\u00ebr Ekspert ose Grup Ekspert\u00ebsh Vendas p\u00ebr Monitorimin e Mediave mbi Raportimin e \u00c7\u00ebshtjeve Mjedisore n\u00eb Shqip\u00ebri \u22c5 January 29, 2025 REC Shqip\u00ebri dhe BIRN Albania, n\u00eb bashk\u00ebpunim me partner\u00ebt zbatues t\u00eb projektit \u201cEnvironmental Justice Albania: EJA,\u201d shpall tender p\u00ebr ekspert ose grup ekspert\u00ebsh vendas p\u00ebr monitorimin e mediave mbi raportimin p\u00ebr \u00e7\u00ebshtjet mjedisore n\u00eb Shqip\u00ebri. Objekti i pun\u00ebs dhe produktet specifike p\u00ebr k\u00ebt\u00eb detyr\u00eb N\u00eb kuadrin e Rezultatit 1: Koalicioni i forcuar dhe m\u00eb efektiv media-OSHC n\u00eb forcimin e drejt\u00ebsis\u00eb mjedisore n\u00eb Shqip\u00ebri, BIRN Albania po k\u00ebrkon t\u00eb kontraktoj\u00eb nj\u00eb grup ekspert\u00ebsh vendas p\u00ebr t\u00eb monitoruar raportimin e mediave mbi komponent\u00ebt mjedisor\u00eb n\u00eb Shqip\u00ebri, si ajri, uji, toka, pylltaria, mbetjet, biodiversiteti, natyra etj. Ekspert\u00ebt e p\u00ebrfshir\u00eb p\u00ebr k\u00ebt\u00eb detyr\u00eb duhet Closed: Call for Cultural Heritage Expertise \u22c5 December 13, 2024 Project Background In the context of the project titled \u201cThe Triad of Arbanon\u2019s Heritage\u201d, Ref. No. ALB\/EC\/22644\/CFP 05-2024 funded by EU4Culture\u2019s program titled \u201cRecraft the Past, Build up the Future III\u201d, and implemented by UNOPS\u2019s Presence in Albania, REC Albania is seeking to recruit a qualified Cultural Experts to contribute to an innovative project documenting and promoting lesser-known cultural heritage sites in Albania. The project aims to create a comprehensive journey compendium highlighting the interconnection between cultural and natural heritage at three significant sites: Monastery Church in Rubik, Kur\u00e7aj Bridge in Kruj\u00eb, and St. Anthony&#8217;s Church in Cape Rodon. Position Closed: Thirrje p\u00ebr individ apo grup ekspert\u00ebsh \u201cP\u00ebr hartimin e Raportit Diagnostik mbi rolin q\u00eb ushtron insititucioni i policis\u00eb n\u00eb mbojtjen e t\u00eb drejtave mjedisore n\u00eb Shqip\u00ebri\u201d \u22c5 November 7, 2024 REC Shqip\u00ebri, n\u00eb bashk\u00ebpunim me partner\u00ebt zbatues t\u00eb projektit \u201cEnvironmental Justice Albania: EJA,\u201d shpall thirrjen p\u00ebr individ apo grup ekspert\u00ebsh q\u00eb do t\u00eb angazhohen n\u00eb procesin e hartimit t\u00eb nj\u00eb raporti diagnostik lidhur me aksionin policor rreth siguris\u00eb mjedisore n\u00eb Shqip\u00ebri. Raporti do t\u00eb jet\u00eb pjes\u00eb e nj\u00eb pakete gjith\u00ebp\u00ebrfshir\u00ebse, e cila do t\u00eb p\u00ebrb\u00ebhet nga kat\u00ebr kapituj q\u00eb analizojn\u00eb rolin e institucioneve ky\u00e7e n\u00eb trajtimin e abuzimeve mjedisore: Policia, Prokuroria, Gjykatat dhe Media. Kjo paket\u00eb synon t\u00eb ofroj\u00eb nj\u00eb pasqyr\u00eb t\u00eb plot\u00eb mbi sfidat dhe mund\u00ebsit\u00eb p\u00ebr p\u00ebrmir\u00ebsimin e zbatimit t\u00eb t\u00eb drejtave mjedisore. Raporti mbi policin\u00eb do t\u00eb 1 2 Next \u00bb<\/p>","protected":false},"author":1,"featured_media":0,"parent":0,"menu_order":0,"comment_status":"closed","ping_status":"closed","template":"","meta":{"_acf_changed":false,"give_campaign_id":0,"footnotes":""},"class_list":["post-5848","page","type-page","status-publish","hentry"],"acf":[],"campaignId":"","rttpg_featured_image_url":null,"rttpg_author":{"display_name":"admin","author_link":"https:\/\/rec.spontan.agency\/sq\/author\/admin\/"},"rttpg_comment":0,"rttpg_category":"","rttpg_excerpt":"Thirrje p\u00ebr Ekspert: Drejtues i Ekipit p\u00ebr Koordinimin e Raportit &#8220;Green Justice and Grey Crime in Albania&#8221; \u22c5 March 17, 2025 REC Shqip\u00ebri, n\u00eb kuad\u00ebr t\u00eb projektit &#8220;EJA: Environmental Justice in Albania&#8221; financuar nga Bashkimi Evropian, k\u00ebrkon t\u00eb kontraktoj\u00eb nj\u00eb ekspert p\u00ebr pozicionin &#8220;Drejtues Ekipi&#8221; q\u00eb do t\u00eb koordinoj\u00eb pun\u00ebn e grupeve q\u00eb do t\u00eb&hellip;","_links":{"self":[{"href":"https:\/\/rec.spontan.agency\/sq\/wp-json\/wp\/v2\/pages\/5848","targetHints":{"allow":["GET"]}}],"collection":[{"href":"https:\/\/rec.spontan.agency\/sq\/wp-json\/wp\/v2\/pages"}],"about":[{"href":"https:\/\/rec.spontan.agency\/sq\/wp-json\/wp\/v2\/types\/page"}],"author":[{"embeddable":true,"href":"https:\/\/rec.spontan.agency\/sq\/wp-json\/wp\/v2\/users\/1"}],"replies":[{"embeddable":true,"href":"https:\/\/rec.spontan.agency\/sq\/wp-json\/wp\/v2\/comments?post=5848"}],"version-history":[{"count":25,"href":"https:\/\/rec.spontan.agency\/sq\/wp-json\/wp\/v2\/pages\/5848\/revisions"}],"predecessor-version":[{"id":9046,"href":"https:\/\/rec.spontan.agency\/sq\/wp-json\/wp\/v2\/pages\/5848\/revisions\/9046"}],"wp:attachment":[{"href":"https:\/\/rec.spontan.agency\/sq\/wp-json\/wp\/v2\/media?parent=5848"}],"curies":[{"name":"wp","href":"https:\/\/api.w.org\/{rel}","templated":true}]}}